{"id":460,"date":"2011-03-22T02:44:10","date_gmt":"2011-03-22T00:44:10","guid":{"rendered":"http:\/\/www.ghoststorys.fi\/blog\/?page_id=460"},"modified":"2018-07-14T18:27:42","modified_gmt":"2018-07-14T15:27:42","slug":"puppies","status":"publish","type":"page","link":"https:\/\/www.ghoststorys.fi\/blog\/?page_id=460","title":{"rendered":"Puppies"},"content":{"rendered":"<p>No puppies at the moment. We are planning some really interesting combinations in all three colours later on.<\/p>\n<p><em>Ei pentuja t\u00e4ll\u00e4 hetkell\u00e4. Suunnitelmissa kuitenkin my\u00f6hemmin eritt\u00e4in mielenkiintoinsia yhdistelmi\u00e4 kaikissa v\u00e4reiss\u00e4 my\u00f6hemmin.<\/em><\/p>\n<h4><\/h4>\n<p>&nbsp;<\/p>\n<div id=\"attachment_461\" style=\"width: 560px\" class=\"wp-caption alignnone\"><a href=\"http:\/\/www.ghoststorys.fi\/blog\/wp-content\/uploads\/2011\/03\/puppies.jpg\"><img aria-describedby=\"caption-attachment-461\" loading=\"lazy\" class=\"size-full wp-image-461\" title=\"Ghost Story's Dragonera\" src=\"http:\/\/www.ghoststorys.fi\/blog\/wp-content\/uploads\/2011\/03\/puppies.jpg\" alt=\"Onse\" width=\"550\" height=\"430\" srcset=\"https:\/\/www.ghoststorys.fi\/blog\/wp-content\/uploads\/2011\/03\/puppies.jpg 575w, https:\/\/www.ghoststorys.fi\/blog\/wp-content\/uploads\/2011\/03\/puppies-300x234.jpg 300w\" sizes=\"(max-width: 550px) 100vw, 550px\" \/><\/a><p id=\"caption-attachment-461\" class=\"wp-caption-text\">Ghost Story&#8217;s Dragonera &#8220;Onse&#8221;. \u00a9 Linda Lehtiheimo, 2010.<\/p><\/div>\n<h3>Some facts of our breeding<\/h3>\n<p>First of all, we don&#8217;t have puppies all the time, because we don&#8217;t want to have too many dogs and aren&#8217;t willing to give them away, when they get old or if they aren&#8217;t suitable for mating. That&#8217;s why we don&#8217;t have resources to do large scale breeding. Behind each and every combination is an aim to get some material to ourselves, we don&#8217;t breed for selling purposes, although it&#8217;s obvious that one can&#8217;t keep all the pups to himself.<\/p>\n<p>We are very familiar with every collies we&#8217;ve used for breeding, including relatives many generations backwards and not only the dogs in pedigrees, but their sisters, brothers, cousins and so on. We&#8217;ve seen them at their homes and in show rings, some of them even in trials or seen them training. We hope that we can continue this later on. Every combination is carefully considered, extra attention has been paid to possible risks of health, characters and looks. There&#8217;s no such thing as a perfect collie, but our aim is that the problems that might come out wouldn&#8217;t be a surprise.<\/p>\n<p>Primarily we hope that the collies bred by us would grow up to be loved family members, who could be a nice addition to their owners&#8217; everyday life. Because we really hope that our breeding could be documented somehow, we offer to pay entry fees for two shows or trials and we offer special prize if owner commits to take HD&amp;ED x-rays. If you&#8217;re interested in these special terms, please contact us for further details.<\/p>\n<p>What do you get? At least 7 weeks old, registered, microchipped, officially eye examinated puppy with veterinarias detailed report of his health. Comprehensive printed instructions. 24\/7 online or onphone support. Full rights to reverting granted. Hopefully a trusted friend for ten to fifteen years. Possibly some human friends too.<\/p>\n<p>Still interested? Please send email piraatin@gmail.com or call +358 50 361 8675.<\/p>\n<div id=\"attachment_3801\" style=\"width: 600px\" class=\"wp-caption alignleft\"><a href=\"http:\/\/www.ghoststorys.fi\/blog\/wp-content\/uploads\/2018\/04\/pentu2.jpg\"><img aria-describedby=\"caption-attachment-3801\" loading=\"lazy\" class=\"wp-image-3801 size-large\" src=\"http:\/\/www.ghoststorys.fi\/blog\/wp-content\/uploads\/2018\/04\/pentu2-1024x683.jpg\" alt=\"\" width=\"590\" height=\"394\" srcset=\"https:\/\/www.ghoststorys.fi\/blog\/wp-content\/uploads\/2018\/04\/pentu2-1024x683.jpg 1024w, https:\/\/www.ghoststorys.fi\/blog\/wp-content\/uploads\/2018\/04\/pentu2-300x200.jpg 300w, https:\/\/www.ghoststorys.fi\/blog\/wp-content\/uploads\/2018\/04\/pentu2-768x512.jpg 768w, https:\/\/www.ghoststorys.fi\/blog\/wp-content\/uploads\/2018\/04\/pentu2-250x167.jpg 250w, https:\/\/www.ghoststorys.fi\/blog\/wp-content\/uploads\/2018\/04\/pentu2.jpg 1200w\" sizes=\"(max-width: 590px) 100vw, 590px\" \/><\/a><p id=\"caption-attachment-3801\" class=\"wp-caption-text\">Molla, Ghost Story&#8217;s Piton Forest 7 weeks \u00a9 P\u00e4ivi Kaski<\/p><\/div>\n<h3>Jotain faktoja kasvatusty\u00f6st\u00e4mme<\/h3>\n<p>Ensinn\u00e4kin, meill\u00e4 ei ole pentuja jatkuvasti, koska emme halua pit\u00e4\u00e4 liikaa koiria emmek\u00e4 luopua niist\u00e4, kun ne tulevat vanhoiksi tai jos ne eiv\u00e4t ole jalostuskelpoisia. T\u00e4st\u00e4 johtuen meill\u00e4 ei ole resursseja kasvattaa kuin pienimuotoisesti. Jokaisen yhdistelm\u00e4mme takana on tarkoitus saada jalostusmateriaalia omaan k\u00e4ytt\u00f6\u00f6mme, me emme kasvata myyd\u00e4ksemme, vaikka osa pennuista tietenkin on luovutettava uusille omistajille, koska emme voi pit\u00e4\u00e4 kaikkia pentuja.<\/p>\n<p>Tunnemme hyvin kaikki colliet, joita olemme k\u00e4ytt\u00e4neet jalostukseen, usein my\u00f6s sukulaisia usean sukupolven taaksep\u00e4in &#8211; eik\u00e4 t\u00e4m\u00e4 tarkoita vain koiria, jotka esiintyv\u00e4t sukutauluissa, vaan my\u00f6s niiden sisaruksia, serkkuja jne. Olemme n\u00e4hneet n\u00e4m\u00e4 koirat joko kodeissaan, n\u00e4yttelyiss\u00e4, jotkut kokeissa tai treenaamassa. Toivomme, ett\u00e4 voimme jatkaa n\u00e4in my\u00f6s hy\u00f6hemmin. Jokainen yhdistelm\u00e4 on tarkoin harkittu, erityist\u00e4 huomiota on kiinnitetty terveysriskeihin, luonteisiin ja ulkon\u00e4k\u00f6\u00f6n. Ei ole olemassa t\u00e4ydellist\u00e4 collieta, mutta pyrimme siihen, ett\u00e4 mahdollisimman pieni osa ongelmista tulisi yll\u00e4tyksen\u00e4.<\/p>\n<p>Toivomme, ett\u00e4 kasvattimme kasvaisivat rakastettuina perheenj\u00e4senin\u00e4, jotka toisivat mukavan lis\u00e4n omistajiensa arkeen. Koska toivomme, ett\u00e4 kasvatusty\u00f6mme olisi jotenkin dokumentoitavissa, maksamme pennun kaksi ensimm\u00e4ist\u00e4 n\u00e4yttely\u00e4 tai koetta ja tarjoamme tuntuvan alennuksen, jos omistaja sitoutuu PEVISA-tutkituttamaan koiransa. Jos n\u00e4m\u00e4 erityisehdot kiinnostavat tai her\u00e4tt\u00e4v\u00e4t kysymyksi\u00e4, ota yhtetty\u00e4!<\/p>\n<p>Mit\u00e4 meilt\u00e4 sitten saa? V\u00e4hint\u00e4\u00e4n seitsem\u00e4nviikkoisen, rekister\u00f6idyn, sirutetun, virallisesti silm\u00e4tarkastetun ja ep\u00e4virallisesti geenitestatun pennun. Kattavat kirjalliset hoito-ohjeet. 24\/7 online- tai puhelintuen. T\u00e4ydellisen palautusoikeuden. Toivottavasti uskollisen yst\u00e4v\u00e4n 10-15 vuoden ajaksi. Mahdollisesti my\u00f6s ihmisyst\u00e4vi\u00e4.<\/p>\n<p>Yh\u00e4 kiinnostunut? L\u00e4het\u00e4 meille s\u00e4hk\u00f6postia piraatin@gmail.com tai soita 050 361 8675.<\/p>\n","protected":false},"excerpt":{"rendered":"<p>No puppies at the moment. We are planning some really interesting combinations in all three colours later on. Ei pentuja t\u00e4ll\u00e4 hetkell\u00e4. Suunnitelmissa kuitenkin my\u00f6hemmin eritt\u00e4in mielenkiintoinsia yhdistelmi\u00e4 kaikissa v\u00e4reiss\u00e4 my\u00f6hemmin. &nbsp; Some facts of our breeding First of all, we don&#8217;t have puppies all the time, because we don&#8217;t want to have too many <a href=\"https:\/\/www.ghoststorys.fi\/blog\/?page_id=460#more-'\" class=\"more-link\">Lis\u00e4\u00e4 \u00bb<\/a><\/p>\n","protected":false},"author":1,"featured_media":0,"parent":0,"menu_order":1,"comment_status":"closed","ping_status":"closed","template":"","meta":[],"_links":{"self":[{"href":"https:\/\/www.ghoststorys.fi\/blog\/index.php?rest_route=\/wp\/v2\/pages\/460"}],"collection":[{"href":"https:\/\/www.ghoststorys.fi\/blog\/index.php?rest_route=\/wp\/v2\/pages"}],"about":[{"href":"https:\/\/www.ghoststorys.fi\/blog\/index.php?rest_route=\/wp\/v2\/types\/page"}],"author":[{"embeddable":true,"href":"https:\/\/www.ghoststorys.fi\/blog\/index.php?rest_route=\/wp\/v2\/users\/1"}],"replies":[{"embeddable":true,"href":"https:\/\/www.ghoststorys.fi\/blog\/index.php?rest_route=%2Fwp%2Fv2%2Fcomments&post=460"}],"version-history":[{"count":40,"href":"https:\/\/www.ghoststorys.fi\/blog\/index.php?rest_route=\/wp\/v2\/pages\/460\/revisions"}],"predecessor-version":[{"id":3884,"href":"https:\/\/www.ghoststorys.fi\/blog\/index.php?rest_route=\/wp\/v2\/pages\/460\/revisions\/3884"}],"wp:attachment":[{"href":"https:\/\/www.ghoststorys.fi\/blog\/index.php?rest_route=%2Fwp%2Fv2%2Fmedia&parent=460"}],"curies":[{"name":"wp","href":"https:\/\/api.w.org\/{rel}","templated":true}]}}