{"id":446,"date":"2011-03-22T01:26:45","date_gmt":"2011-03-21T23:26:45","guid":{"rendered":"http:\/\/www.ghoststorys.fi\/blog\/?page_id=446"},"modified":"2019-01-03T16:26:08","modified_gmt":"2019-01-03T14:26:08","slug":"malouines-limelight-hugo","status":"publish","type":"page","link":"https:\/\/www.ghoststorys.fi\/blog\/?page_id=446","title":{"rendered":"FI NO CH Malouine&#8217;s Limelight"},"content":{"rendered":"<p>[one_half last=&#8221;no&#8221;]<script type=\"text\/javascript\">\nvar flashvars1 ={\nautoplay:\"false\",\nflashId:\"1\",\nFKey:\"4812248713ac662cab6b03f54608e25c9928a315affaa772eaa679c009014812248713ac\",\nGalleryPath:\"https:\/\/www.ghoststorys.fi\/blog\/wp-content\/plugins\/oqey-gallery\",\nGalleryID:\"25-446\",\nFirstRun:\"0\"\n};\nvar params1     = {bgcolor:\"#ffffff\", allowFullScreen:\"true\", wMode:\"transparent\"};\nvar attributes1 = {id: \"oqeygallery1\"};\nswfobject.embedSWF(\"https:\/\/www.ghoststorys.fi\/blog\/wp-content\/oqey_gallery\/skins\/oqeyapinsk\/oqeyapinsk.swf\", \"flash_gal_1\", \"100%\", \"350\", \"8.0.0\", \"\", flashvars1, params1, attributes1);\n<\/script>\n<div id=\"flash_gal_1\" style=\"margin: 0 auto;\">\n<div class=\"oqeyslider\" style=\"background:#ffffff;\"><div class=\"oqey-slideshow cycle-slideshow1\" ><div class=\"oqeyincolumn\"><img class=\"lazy1\" src=\"http:\/\/www.ghoststorys.fi\/blog\/wp-content\/uploads\/2014\/12\/hugo3.jpg\" title=\"\" style=\"max-width:100%;min-width:100%;height:auto;\"\/><\/div>\n<p class=\"oqey_p_comments\"><\/p><div class=\"oqeyincolumn\"><img class=\"lazy1\" src=\"http:\/\/www.ghoststorys.fi\/blog\/wp-content\/uploads\/2014\/12\/hugo1.jpg\" title=\"\" style=\"max-width:100%;min-width:100%;height:auto;\"\/><\/div>\n<p class=\"oqey_p_comments\"><\/p><div class=\"oqeyincolumn\"><img class=\"lazy1\" src=\"http:\/\/www.ghoststorys.fi\/blog\/wp-content\/uploads\/2014\/12\/hugo4.jpg\" title=\"\" style=\"max-width:100%;min-width:100%;height:auto;\"\/><\/div>\n<p class=\"oqey_p_comments\"><\/p><div class=\"oqeyincolumn\"><img class=\"lazy1\" src=\"http:\/\/www.ghoststorys.fi\/blog\/wp-content\/uploads\/2014\/12\/hugo2.jpg\" title=\"\" style=\"max-width:100%;min-width:100%;height:auto;\"\/><\/div>\n<p class=\"oqey_p_comments\"><\/p><div class=\"oqeyincolumn\"><img class=\"lazy1\" src=\"http:\/\/www.ghoststorys.fi\/blog\/wp-content\/uploads\/2015\/01\/hugo5.jpg\" title=\"\" style=\"max-width:100%;min-width:100%;height:auto;\"\/><\/div>\n<p class=\"oqey_p_comments\"><\/p><div class=\"oqeyincolumn\"><img class=\"lazy1\" src=\"http:\/\/www.ghoststorys.fi\/blog\/wp-content\/uploads\/2015\/01\/hugo6.jpg\" title=\"\" style=\"max-width:100%;min-width:100%;height:auto;\"\/><\/div>\n<p class=\"oqey_p_comments\"><\/p><\/div><\/div>\n<\/div>\n[\/one_half][one_half last=&#8221;yes&#8221;][toggles][toggle title=&#8221;Terveys ja luonne&#8221;]Terveet lonkat (A\/B)<br \/>\nTerveet silm\u00e4t (pentuna Hollannissa ja aikuisena Suomessa)<br \/>\nKuolinsyy: Mahalaukun ja suoliston sy\u00f6p\u00e4[\/toggle][toggle title=&#8221;Health &amp; temperament issues&#8221;]HD-clear (A\/B)<br \/>\nCEA-clear (6 weeks&amp;adult)<br \/>\nCause of death: Cancer[\/toggle][\/toggles][\/one_half]<br \/>\n<table style=\"border: 1px solid #000000; border-collapse: collapse;\" border=\"1\" cellspacing=\"0\" cellpadding=\"0\" width=\"100%\">\r\n<tbody>\r\n<tr>\r\n<td class=\"male\" rowspan=\"4\" width=\"15%\">Brilyn Black Inspiration<\/td>\r\n<td class=\"male\" rowspan=\"2\" width=\"35%\">Ch. Chrisarion Collier<\/td>\r\n<td class=\"male\" width=\"50%\">Ch. Jasand Young Winston<\/td>\r\n<\/tr>\r\n<tr>\r\n<td class=\"female\" width=\"50%\">Ch. Chrisarion Chanson<\/td>\r\n<\/tr>\r\n<tr>\r\n<td class=\"female\" rowspan=\"2\" width=\"35%\">Ch. Brilyn Satin'N Silk At Carostar<\/td>\r\n<td class=\"male\" width=\"50%\">Ch. Brilyn Rum'N Black<\/td>\r\n<\/tr>\r\n<tr>\r\n<td class=\"female\" width=\"50%\">Ch. Brilyn Satin Symphony<\/td>\r\n<\/tr>\r\n<tr>\r\n<td class=\"female\" rowspan=\"4\" width=\"15%\">VCh. Malouine's Candle In The Wind<\/td>\r\n<td class=\"male\" rowspan=\"2\" width=\"35%\">Ch. Amalie Best Bitter<\/td>\r\n<td class=\"male\" width=\"50%\">Ch. Lynway Seldom Sober<\/td>\r\n<\/tr>\r\n<tr>\r\n<td class=\"female\" width=\"50%\">Blossoms Black At Amalie<\/td>\r\n<\/tr>\r\n<tr>\r\n<td class=\"female\" rowspan=\"2\" width=\"35%\">Malouine's Witchy Woman<\/td>\r\n<td class=\"male\" width=\"50%\">Troydon Total Recal<\/td>\r\n<\/tr>\r\n<tr>\r\n<td class=\"female\" width=\"50%\">Sea Dreamer's Ivory Tears<\/td>\r\n<\/tr>\r\n<\/tbody>\r\n<\/table><br \/>\n[one_half last=&#8221;no&#8221;][toggles][toggle title=&#8221;N\u00e4yttely- ja koetulokset&#8221;]<strong>N\u00e4yttelyt: <\/strong><br \/>\nPori (FI) 28.6.2003 (Joseph Kirk) vSERT<br \/>\nTuusula (FI) 5.7.2003 (Seamus Oates) SERT ROP<br \/>\nForssa (FI) 19.7.2003 (Margit Brenner) SERT VSP<br \/>\nH\u00e4meenlinna (FI) 9.8.2003 (Peter Harsanyi) SERT VSP<br \/>\nM\u00e4nts\u00e4l\u00e4 (FI) 11.7.2004 (Vincent O&#8217;Brien) PU2 SERT<br \/>\nMalm\u00f6 int (SE) 18.3.2005 (Seamus Oates) PU3 VCACIB<br \/>\nHarstad int (NO) 17.4.2005 (Peter Harsanyi) SERT VSP<br \/>\nOulu (FI) 7.5.2005 (Jack Wigglesworth) PU2[\/toggle][toggle title=&#8221;Show &amp; competition results&#8221;]<strong>Shows: <\/strong><br \/>\nPori (FI) 28.6.2003 (Joseph Kirk) rCC<br \/>\nTuusula (FI) 5.7.2003 (Seamus Oates) CC BOB<br \/>\nForssa (FI) 19.7.2003 (Margit Brenner) CC BOS<br \/>\nH\u00e4meenlinna (FI) 9.8.2003 (Peter Harsanyi) CC BOS<br \/>\nM\u00e4nts\u00e4l\u00e4 (FI) 11.7.2004 (Vincent O&#8217;Brien) BM2 CC<br \/>\nMalm\u00f6 int (SE) 18.3.2005 (Seamus Oates) BM3 RCACIB<br \/>\nHarstad int (NO) 17.4.2005 (Peter Harsanyi) CC BOS<br \/>\nOulu (FI) 7.5.2005 (Jack Wigglesworth) BM2[\/toggle][\/toggles]<br \/>\n[button size=&#8221;small&#8221; link=&#8221;http:\/\/jalostus.kennelliitto.fi\/frmKoira.aspx?RekNo=FIN10150\/03&amp;R=156&#8243; target=&#8221;_blank&#8221;]KoiraNet (Finnish Kennel Club\u2019s database)[\/button][\/one_half][one_half last=&#8221;yes&#8221;]<script type=\"text\/javascript\">\nvar flashvars2 ={\nautoplay:\"false\",\nflashId:\"2\",\nFKey:\"4812248713ac662cab6b03f54608e25c9928a315affaa772eaa679c009014812248713ac\",\nGalleryPath:\"https:\/\/www.ghoststorys.fi\/blog\/wp-content\/plugins\/oqey-gallery\",\nGalleryID:\"26-446\",\nFirstRun:\"0\"\n};\nvar params2     = {bgcolor:\"#ffffff\", allowFullScreen:\"true\", wMode:\"transparent\"};\nvar attributes2 = {id: \"oqeygallery2\"};\nswfobject.embedSWF(\"https:\/\/www.ghoststorys.fi\/blog\/wp-content\/oqey_gallery\/skins\/oqeyapinsk\/oqeyapinsk.swf\", \"flash_gal_2\", \"100%\", \"350\", \"8.0.0\", \"\", flashvars2, params2, attributes2);\n<\/script>\n<div id=\"flash_gal_2\" style=\"margin: 0 auto;\">\n<div class=\"oqeyslider\" style=\"background:#ffffff;\"><div class=\"oqey-slideshow cycle-slideshow2\" ><div class=\"oqeyincolumn\"><img class=\"lazy2\" src=\"http:\/\/www.ghoststorys.fi\/blog\/wp-content\/uploads\/2015\/01\/suvituikunhippolyte3.jpg\" title=\"\" style=\"max-width:100%;min-width:100%;height:auto;\"\/><\/div>\n<p class=\"oqey_p_comments\"><\/p><div class=\"oqeyincolumn\"><img class=\"lazy2\" src=\"http:\/\/www.ghoststorys.fi\/blog\/wp-content\/uploads\/2015\/01\/siniketunnightwish1.jpg\" title=\"\" style=\"max-width:100%;min-width:100%;height:auto;\"\/><\/div>\n<p class=\"oqey_p_comments\"><\/p><div class=\"oqeyincolumn\"><img class=\"lazy2\" src=\"http:\/\/www.ghoststorys.fi\/blog\/wp-content\/uploads\/2015\/01\/suvituikunhercules1.jpg\" title=\"\" style=\"max-width:100%;min-width:100%;height:auto;\"\/><\/div>\n<p class=\"oqey_p_comments\"><\/p><div class=\"oqeyincolumn\"><img class=\"lazy2\" src=\"http:\/\/www.ghoststorys.fi\/blog\/wp-content\/uploads\/2015\/01\/siniketunnightwish3.jpg\" title=\"\" style=\"max-width:100%;min-width:100%;height:auto;\"\/><\/div>\n<p class=\"oqey_p_comments\"><\/p><div class=\"oqeyincolumn\"><img class=\"lazy2\" src=\"http:\/\/www.ghoststorys.fi\/blog\/wp-content\/uploads\/2015\/01\/suvituikunhippolyte1.jpg\" title=\"\" style=\"max-width:100%;min-width:100%;height:auto;\"\/><\/div>\n<p class=\"oqey_p_comments\"><\/p><div class=\"oqeyincolumn\"><img class=\"lazy2\" src=\"http:\/\/www.ghoststorys.fi\/blog\/wp-content\/uploads\/2015\/01\/siniketunnightwish6.jpg\" title=\"\" style=\"max-width:100%;min-width:100%;height:auto;\"\/><\/div>\n<p class=\"oqey_p_comments\"><\/p><div class=\"oqeyincolumn\"><img class=\"lazy2\" src=\"http:\/\/www.ghoststorys.fi\/blog\/wp-content\/uploads\/2015\/01\/suvituikunhercules2.jpg\" title=\"\" style=\"max-width:100%;min-width:100%;height:auto;\"\/><\/div>\n<p class=\"oqey_p_comments\"><\/p><div class=\"oqeyincolumn\"><img class=\"lazy2\" src=\"http:\/\/www.ghoststorys.fi\/blog\/wp-content\/uploads\/2015\/01\/suvituikunhippolyte2.jpg\" title=\"\" style=\"max-width:100%;min-width:100%;height:auto;\"\/><\/div>\n<p class=\"oqey_p_comments\"><\/p><div class=\"oqeyincolumn\"><img class=\"lazy2\" src=\"http:\/\/www.ghoststorys.fi\/blog\/wp-content\/uploads\/2015\/01\/siniketunnightwish2.jpg\" title=\"\" style=\"max-width:100%;min-width:100%;height:auto;\"\/><\/div>\n<p class=\"oqey_p_comments\"><\/p><div class=\"oqeyincolumn\"><img class=\"lazy2\" src=\"http:\/\/www.ghoststorys.fi\/blog\/wp-content\/uploads\/2015\/01\/siniketunnightwish4.jpg\" title=\"\" style=\"max-width:100%;min-width:100%;height:auto;\"\/><\/div>\n<p class=\"oqey_p_comments\"><\/p><div class=\"oqeyincolumn\"><img class=\"lazy2\" src=\"http:\/\/www.ghoststorys.fi\/blog\/wp-content\/uploads\/2015\/01\/suvituikunhippolyte4.jpg\" title=\"\" style=\"max-width:100%;min-width:100%;height:auto;\"\/><\/div>\n<p class=\"oqey_p_comments\"><\/p><\/div><\/div>\n<\/div>\n<br \/>\n[toggles][toggle title=&#8221;J\u00e4lkel\u00e4iset&#8221;]<strong>Suvituikun H-pentue synt. 13.9.2003. Em\u00e4 Friby&#8217;n Unilele.<\/strong><br \/>\nsoopelinarttu Suvituikun Hippolyte: lonkat B\/B, kyyn\u00e4r\u00e4t 0\/0, silm\u00e4t terveet. 2 pentuetta, 11 pentua.<br \/>\nsoopeliuros Suvituikun Hercules: lonkat D\/A, kyyn\u00e4r\u00e4t 0\/0, CEA-vapaa, ylim\u00e4\u00e4r\u00e4isi\u00e4 ripsi\u00e4.<br \/>\n<strong>Siniketun-pentue synt. 19.4.2004. Em\u00e4 Ch. Siniketun Sininen Unelma.<\/strong><br \/>\ntricolournarttu LV CH BALT LT LV EE JCH Siniketun Nightwish: lonkat B\/B, crd aikuisena. 3 pentuetta, 12 pentua.<br \/>\n[\/toggle][toggle title=&#8221;Offspring&#8221;]<strong>Suvituikun H-litter dob. 13.9.2003. Dam Friby&#8217;n Unilele.<\/strong><br \/>\nsable-white female Suvituikun Hippolyte: hips B\/B, elbows 0\/0, CEA-clear. 2 litters, 11 puppies.<br \/>\nsable-white male Suvituikun Hercules: hips D\/A, elbows 0\/0, CEA-clear, excessive lashes.<br \/>\n<strong>Siniketun-litter dob. 19.4.2004. dam Ch. Siniketun Sininen Unelma.<\/strong><br \/>\ntricolour female LV CH BALT LT LV EE JCH Siniketun Nightwish: hips B\/B, crd as an adult. 3 litters, 12 puppies.[\/toggle][\/toggles][\/one_half]<\/p>\n","protected":false},"excerpt":{"rendered":"<p>[one_half last=&#8221;no&#8221;][\/one_half][one_half last=&#8221;yes&#8221;][toggles][toggle title=&#8221;Terveys ja luonne&#8221;]Terveet lonkat (A\/B) Terveet silm\u00e4t (pentuna Hollannissa ja aikuisena Suomessa) Kuolinsyy: Mahalaukun ja suoliston sy\u00f6p\u00e4[\/toggle][toggle title=&#8221;Health &amp; temperament issues&#8221;]HD-clear (A\/B) CEA-clear (6 weeks&amp;adult) Cause of death: Cancer[\/toggle][\/toggles][\/one_half] [one_half last=&#8221;no&#8221;][toggles][toggle title=&#8221;N\u00e4yttely- ja koetulokset&#8221;]N\u00e4yttelyt: Pori (FI) 28.6.2003 (Joseph Kirk) vSERT Tuusula (FI) 5.7.2003 (Seamus Oates) SERT ROP Forssa (FI) 19.7.2003 (Margit Brenner) <a href=\"https:\/\/www.ghoststorys.fi\/blog\/?page_id=446#more-'\" class=\"more-link\">Lis\u00e4\u00e4 \u00bb<\/a><\/p>\n","protected":false},"author":1,"featured_media":0,"parent":0,"menu_order":85,"comment_status":"closed","ping_status":"closed","template":"full-width-page.php","meta":[],"_links":{"self":[{"href":"https:\/\/www.ghoststorys.fi\/blog\/index.php?rest_route=\/wp\/v2\/pages\/446"}],"collection":[{"href":"https:\/\/www.ghoststorys.fi\/blog\/index.php?rest_route=\/wp\/v2\/pages"}],"about":[{"href":"https:\/\/www.ghoststorys.fi\/blog\/index.php?rest_route=\/wp\/v2\/types\/page"}],"author":[{"embeddable":true,"href":"https:\/\/www.ghoststorys.fi\/blog\/index.php?rest_route=\/wp\/v2\/users\/1"}],"replies":[{"embeddable":true,"href":"https:\/\/www.ghoststorys.fi\/blog\/index.php?rest_route=%2Fwp%2Fv2%2Fcomments&post=446"}],"version-history":[{"count":17,"href":"https:\/\/www.ghoststorys.fi\/blog\/index.php?rest_route=\/wp\/v2\/pages\/446\/revisions"}],"predecessor-version":[{"id":3893,"href":"https:\/\/www.ghoststorys.fi\/blog\/index.php?rest_route=\/wp\/v2\/pages\/446\/revisions\/3893"}],"wp:attachment":[{"href":"https:\/\/www.ghoststorys.fi\/blog\/index.php?rest_route=%2Fwp%2Fv2%2Fmedia&parent=446"}],"curies":[{"name":"wp","href":"https:\/\/api.w.org\/{rel}","templated":true}]}}