{"id":419,"date":"2011-03-21T02:38:22","date_gmt":"2011-03-21T00:38:22","guid":{"rendered":"http:\/\/www.ghoststorys.fi\/blog\/?page_id=419"},"modified":"2015-01-04T18:54:48","modified_gmt":"2015-01-04T16:54:48","slug":"ketopin-lolitas-lulu-lola","status":"publish","type":"page","link":"https:\/\/www.ghoststorys.fi\/blog\/?page_id=419","title":{"rendered":"Ketopin Lolitas Lulu"},"content":{"rendered":"<p>[one_half last=&#8221;no&#8221;]<script type=\"text\/javascript\">\nvar flashvars1 ={\nautoplay:\"false\",\nflashId:\"1\",\nFKey:\"4812248713ac662cab6b03f54608e25c9928a315affaa772eaa679c009014812248713ac\",\nGalleryPath:\"https:\/\/www.ghoststorys.fi\/blog\/wp-content\/plugins\/oqey-gallery\",\nGalleryID:\"22-419\",\nFirstRun:\"0\"\n};\nvar params1     = {bgcolor:\"#ffffff\", allowFullScreen:\"true\", wMode:\"transparent\"};\nvar attributes1 = {id: \"oqeygallery1\"};\nswfobject.embedSWF(\"https:\/\/www.ghoststorys.fi\/blog\/wp-content\/oqey_gallery\/skins\/oqeyapinsk\/oqeyapinsk.swf\", \"flash_gal_1\", \"100%\", \"350\", \"8.0.0\", \"\", flashvars1, params1, attributes1);\n<\/script>\n<div id=\"flash_gal_1\" style=\"margin: 0 auto;\">\n<div class=\"oqeyslider\" style=\"background:#ffffff;\"><div class=\"oqey-slideshow cycle-slideshow1\" ><div class=\"oqeyincolumn\"><img class=\"lazy1\" src=\"http:\/\/www.ghoststorys.fi\/blog\/wp-content\/uploads\/2014\/12\/lola1.jpg\" title=\"\" style=\"max-width:100%;min-width:100%;height:auto;\"\/><\/div>\n<p class=\"oqey_p_comments\"><\/p><div class=\"oqeyincolumn\"><img class=\"lazy1\" src=\"http:\/\/www.ghoststorys.fi\/blog\/wp-content\/uploads\/2014\/12\/lola2.jpg\" title=\"\" style=\"max-width:100%;min-width:100%;height:auto;\"\/><\/div>\n<p class=\"oqey_p_comments\"><\/p><div class=\"oqeyincolumn\"><img class=\"lazy1\" src=\"http:\/\/www.ghoststorys.fi\/blog\/wp-content\/uploads\/2015\/01\/lola7.jpg\" title=\"\" style=\"max-width:100%;min-width:100%;height:auto;\"\/><\/div>\n<p class=\"oqey_p_comments\"><\/p><div class=\"oqeyincolumn\"><img class=\"lazy1\" src=\"http:\/\/www.ghoststorys.fi\/blog\/wp-content\/uploads\/2014\/12\/lola5.jpg\" title=\"\" style=\"max-width:100%;min-width:100%;height:auto;\"\/><\/div>\n<p class=\"oqey_p_comments\"><\/p><div class=\"oqeyincolumn\"><img class=\"lazy1\" src=\"http:\/\/www.ghoststorys.fi\/blog\/wp-content\/uploads\/2014\/12\/lola4.jpg\" title=\"\" style=\"max-width:100%;min-width:100%;height:auto;\"\/><\/div>\n<p class=\"oqey_p_comments\"><\/p><div class=\"oqeyincolumn\"><img class=\"lazy1\" src=\"http:\/\/www.ghoststorys.fi\/blog\/wp-content\/uploads\/2014\/12\/lola3.jpg\" title=\"\" style=\"max-width:100%;min-width:100%;height:auto;\"\/><\/div>\n<p class=\"oqey_p_comments\"><\/p><div class=\"oqeyincolumn\"><img class=\"lazy1\" src=\"http:\/\/www.ghoststorys.fi\/blog\/wp-content\/uploads\/2014\/12\/lola6.jpg\" title=\"\" style=\"max-width:100%;min-width:100%;height:auto;\"\/><\/div>\n<p class=\"oqey_p_comments\"><\/p><\/div><\/div>\n<\/div>\n[\/one_half][one_half last=&#8221;yes&#8221;][toggles][toggle title=&#8221;Terveys ja luonne&#8221;]Terveet lonkat (A\/B)<br \/>\nSilm\u00e4t terveet (pentuna ja aikuisena)<br \/>\nKuolinsyy: todenn\u00e4k\u00f6isesti aivoverenvuodon aiheuttamat neurologiset oireet[\/toggle][toggle title=&#8221;Health &amp; temperament issues&#8221;]HD-clear (A\/B)<br \/>\nCEA-clear as a puppy and adult<br \/>\nCause of death: Neurological symptoms, probably cerebral haemmorrhage[\/toggle][\/toggles][\/one_half]<br \/>\n<table style=\"border: 1px solid #000000; border-collapse: collapse;\" border=\"1\" cellspacing=\"0\" cellpadding=\"0\" width=\"100%\">\r\n<tbody>\r\n<tr>\r\n<td class=\"male\" rowspan=\"4\" width=\"15%\">Ch. JK1 Ebony Of Joshren<\/td>\r\n<td class=\"male\" rowspan=\"2\" width=\"35%\">Ch. Joshren Wish Ton Wish<\/td>\r\n<td class=\"male\" width=\"50%\">Ch. Joshren's Gallant Cavalier<\/td>\r\n<\/tr>\r\n<tr>\r\n<td class=\"female\" width=\"50%\">Brilyn Gold Trix<\/td>\r\n<\/tr>\r\n<tr>\r\n<td class=\"female\" rowspan=\"2\" width=\"35%\">Ch. Joshren Dream Honey<\/td>\r\n<td class=\"male\" width=\"50%\">Ch. Corydon C'est Magnifique<\/td>\r\n<\/tr>\r\n<tr>\r\n<td class=\"female\" width=\"50%\">Joshren Special Dream<\/td>\r\n<\/tr>\r\n<tr>\r\n<td class=\"female\" rowspan=\"4\" width=\"15%\">Ketopin Ladyssilversaga<\/td>\r\n<td class=\"male\" rowspan=\"2\" width=\"35%\">Ch. JK2 Friby'n Tedmaross<\/td>\r\n<td class=\"male\" width=\"50%\">Ch. JK2 Sandiacre Son Of A Gun<\/td>\r\n<\/tr>\r\n<tr>\r\n<td class=\"female\" width=\"50%\">Friby'n Rasberry Rose<\/td>\r\n<\/tr>\r\n<tr>\r\n<td class=\"female\" rowspan=\"2\" width=\"35%\">Riffendahl Lady Silverstar<\/td>\r\n<td class=\"male\" width=\"50%\">Dragonen's Strikin Midnight<\/td>\r\n<\/tr>\r\n<tr>\r\n<td class=\"female\" width=\"50%\">Riffendahl Kindness Silver<\/td>\r\n<\/tr>\r\n<\/tbody>\r\n<\/table><br \/>\n[one_half last=&#8221;no&#8221;][toggles][toggle title=&#8221;N\u00e4yttely- ja koetulokset&#8221;]<strong>N\u00e4yttelyt: <\/strong><br \/>\nTurku (FI) 5.8.2000 (Barry Makepeace) K\u00c4Y1\/2 SA<br \/>\nH\u00e4meenkyr\u00f6 (FI) 13.8.2000 (Charlotte H\u00f6ier) PN5<br \/>\nPori (FI) 18.5.2002 (Brenda Banbury) K\u00c4Y1\/1 SA<br \/>\nIkaalinen (FI) 1.6.2002 (Mari Palgi) PN5<br \/>\nForssa (FI) 29.6.2002 (Vic Salt) K\u00c4Y1\/1 SA<br \/>\nSein\u00e4joki erikoisn\u00e4yttely (FI) 17.8.2002 (Hans Iver Staugaard) K\u00c4Y1\/2 SA<br \/>\nHelsinki (FI) 30.8.2003 (Charlotte H\u00f6ier) VSERT<br \/>\nLohja (FI) 13.6.2004 (Marija Kavcic) PN3 VSERT VSP-vet<br \/>\n<strong>TOKO: <\/strong><br \/>\nUlvila (FI) 16.8.2000 (Juha Kurtti) ALO1 196\/200 p. KP<br \/>\nPori (FI) 20.8.2000 (Juha Kurtti) ALO1 186\/200 p. KP siirto avoimeen<br \/>\nKerava, colliemestaruudet (FI) 4.8.2002 (Hannele P\u00f6rsti) AVO1 168,5\/200 p. siirto-oikeus voittajaan<br \/>\n<strong>PK-kokeet, j\u00e4lki: <\/strong><br \/>\nPori (FI) 25.9.1999 (Taisto Lindfors) PAJ\u00c41 II-tulos 243\/399 p.[\/toggle][toggle title=&#8221;Show and competition results&#8221;]<strong>Shows: <\/strong><br \/>\nTurku (FI) 5.8.2000 (Barry Makepeace) 2EXC CQ<br \/>\nH\u00e4meenkyr\u00f6 (FI) 13.8.2000 (Charlotte H\u00f6ier) BB5<br \/>\nPori (FI) 18.5.2002 (Brenda Banbury) 1EXC CQ<br \/>\nIkaalinen (FI) 1.6.2002 (Mari Palgi) BB5<br \/>\nForssa (FI) 29.6.2002 (Vic Salt) 1EXC CQ<br \/>\nSein\u00e4joki Speciality show (FI) 17.8.2002 (Hans Iver Staugaard) 2EXC CQ<br \/>\nHelsinki (FI) 30.8.2003 (Charlotte H\u00f6ier) RCC<br \/>\nLohja (FI) 13.6.2004 (Marija Kavcic) BB3 RCC BOS-vet<br \/>\n<strong>TOKO: <\/strong><br \/>\nUlvila (FI) 16.8.2000 (Juha Kurtti) Beginner&#8217;s class I prize 196\/200 p. POH<br \/>\nPori (FI) 20.8.2000 (Juha Kurtti) Beginner&#8217;s class I prize 186\/200 p. POH transfer to Open class<br \/>\nKerava, Collie Championships (FI) 4.8.2002 (Hannele P\u00f6rsti) Open class I prize 168,5\/200 p. right to compete in Winner class<br \/>\n<strong>Working trials, tracking: <\/strong><br \/>\nPori (FI) 25.9.1999 (Taisto Lindfors) I-class II prize 243\/399 p.[\/toggle][\/toggles]<br \/>\n[button size=&#8221;small&#8221; link=&#8221;http:\/\/jalostus.kennelliitto.fi\/frmKoira.aspx?RekNo=FIN17461\/96&#038;R=156&#8243; target=&#8221;_blank&#8221;]KoiraNet (Finnish Kennel Club\u2019s database)[\/button][\/one_half][one_half last=&#8221;yes&#8221;]<script type=\"text\/javascript\">\nvar flashvars2 ={\nautoplay:\"false\",\nflashId:\"2\",\nFKey:\"4812248713ac662cab6b03f54608e25c9928a315affaa772eaa679c009014812248713ac\",\nGalleryPath:\"https:\/\/www.ghoststorys.fi\/blog\/wp-content\/plugins\/oqey-gallery\",\nGalleryID:\"23-419\",\nFirstRun:\"0\"\n};\nvar params2     = {bgcolor:\"#ffffff\", allowFullScreen:\"true\", wMode:\"transparent\"};\nvar attributes2 = {id: \"oqeygallery2\"};\nswfobject.embedSWF(\"https:\/\/www.ghoststorys.fi\/blog\/wp-content\/oqey_gallery\/skins\/oqeyapinsk\/oqeyapinsk.swf\", \"flash_gal_2\", \"100%\", \"350\", \"8.0.0\", \"\", flashvars2, params2, attributes2);\n<\/script>\n<div id=\"flash_gal_2\" style=\"margin: 0 auto;\">\n<div class=\"oqeyslider\" style=\"background:#ffffff;\"><div class=\"oqey-slideshow cycle-slideshow2\" ><div class=\"oqeyincolumn\"><img class=\"lazy2\" src=\"http:\/\/www.ghoststorys.fi\/blog\/wp-content\/uploads\/2014\/12\/fribynoriginell1.jpg\" title=\"\" style=\"max-width:100%;min-width:100%;height:auto;\"\/><\/div>\n<p class=\"oqey_p_comments\"><\/p><div class=\"oqeyincolumn\"><img class=\"lazy2\" src=\"http:\/\/www.ghoststorys.fi\/blog\/wp-content\/uploads\/2015\/01\/fribynkarevan1.jpg\" title=\"\" style=\"max-width:100%;min-width:100%;height:auto;\"\/><\/div>\n<p class=\"oqey_p_comments\"><\/p><div class=\"oqeyincolumn\"><img class=\"lazy2\" src=\"http:\/\/www.ghoststorys.fi\/blog\/wp-content\/uploads\/2015\/01\/fribynkostligaklase2.jpg\" title=\"\" style=\"max-width:100%;min-width:100%;height:auto;\"\/><\/div>\n<p class=\"oqey_p_comments\"><\/p><div class=\"oqeyincolumn\"><img class=\"lazy2\" src=\"http:\/\/www.ghoststorys.fi\/blog\/wp-content\/uploads\/2015\/01\/fribynonsdagflicka1.jpg\" title=\"\" style=\"max-width:100%;min-width:100%;height:auto;\"\/><\/div>\n<p class=\"oqey_p_comments\"><\/p><div class=\"oqeyincolumn\"><img class=\"lazy2\" src=\"http:\/\/www.ghoststorys.fi\/blog\/wp-content\/uploads\/2015\/01\/fribynkarevan2.jpg\" title=\"\" style=\"max-width:100%;min-width:100%;height:auto;\"\/><\/div>\n<p class=\"oqey_p_comments\"><\/p><div class=\"oqeyincolumn\"><img class=\"lazy2\" src=\"http:\/\/www.ghoststorys.fi\/blog\/wp-content\/uploads\/2014\/12\/fribynoriginell.jpg\" title=\"\" style=\"max-width:100%;min-width:100%;height:auto;\"\/><\/div>\n<p class=\"oqey_p_comments\"><\/p><div class=\"oqeyincolumn\"><img class=\"lazy2\" src=\"http:\/\/www.ghoststorys.fi\/blog\/wp-content\/uploads\/2015\/01\/fribynkyssandekamrat.jpg\" title=\"\" style=\"max-width:100%;min-width:100%;height:auto;\"\/><\/div>\n<p class=\"oqey_p_comments\"><\/p><div class=\"oqeyincolumn\"><img class=\"lazy2\" src=\"http:\/\/www.ghoststorys.fi\/blog\/wp-content\/uploads\/2015\/01\/fribynonsdagflicka3.jpg\" title=\"\" style=\"max-width:100%;min-width:100%;height:auto;\"\/><\/div>\n<p class=\"oqey_p_comments\"><\/p><div class=\"oqeyincolumn\"><img class=\"lazy2\" src=\"http:\/\/www.ghoststorys.fi\/blog\/wp-content\/uploads\/2015\/01\/fribynkostligaklase1.jpg\" title=\"\" style=\"max-width:100%;min-width:100%;height:auto;\"\/><\/div>\n<p class=\"oqey_p_comments\"><\/p><div class=\"oqeyincolumn\"><img class=\"lazy2\" src=\"http:\/\/www.ghoststorys.fi\/blog\/wp-content\/uploads\/2015\/01\/fribynonsdagflicka2.jpg\" title=\"\" style=\"max-width:100%;min-width:100%;height:auto;\"\/><\/div>\n<p class=\"oqey_p_comments\"><\/p><div class=\"oqeyincolumn\"><img class=\"lazy2\" src=\"http:\/\/www.ghoststorys.fi\/blog\/wp-content\/uploads\/2015\/01\/fribynkunnigagumma.jpg\" title=\"\" style=\"max-width:100%;min-width:100%;height:auto;\"\/><\/div>\n<p class=\"oqey_p_comments\"><\/p><\/div><\/div>\n<\/div>\n<br \/>\n[toggles][toggle title=&#8221;J\u00e4lkel\u00e4iset&#8221;]<strong>Friby&#8217;n pentue synt. 20.7.1999. Is\u00e4 Ch. Sandiacre Sweet Music Man.<\/strong><br \/>\nsoopelinarttu Friby&#8217;n Kostliga Klase: lonkat A\/A, kyyn\u00e4r\u00e4t 0\/0, CEA-vapaa pentuna.<br \/>\nsoopelinarttu Friby&#8217;n Kunniga Gumma: CEA-vapaa pentuna.<br \/>\nsoopelinarttu Friby&#8217;n Kyssande Kamrat: CEA-vapaa pentuna.<br \/>\nsoopeliuros Friby&#8217;n Knall och Fall: CEA-vapaa pentuna.<br \/>\nsoopeliuros Friby&#8217;n Krimskrams: CEA-vapaa pentuna.<br \/>\nsoopeliuros Friby&#8217;n K\u00e4re V\u00e4n: lonkat B\/C, CEA-vapaa pentuna<br \/>\n<strong>Friby&#8217;n pentue synt. 9.5.2001. Is\u00e4 Friby&#8217;n Uppo-Nalle.<\/strong><br \/>\nsoopelinarttu Friby&#8217;n Ompysslad V\u00e4n: CEA-vapaa pentuna.<br \/>\ntricolournarttu TK1 BH Friby&#8217;n Onsdag Flicka: lonkat A\/A, kyyn\u00e4r\u00e4t 0\/0, CEA-vapaa pentuna ja aikuisena. 1 pentue, 5 pentua.<br \/>\nsoopeliuros Friby&#8217;n Omslagsbild: crd pentuna.<br \/>\nsoopeliuros Friby&#8217;n Ordf\u00f6rande: CEA-vapaa pentuna.<br \/>\ntricoloururos Friby&#8217;n Originell: lonkat B\/C, kyyn\u00e4r\u00e4t 0\/0, CEA-vapaa pentuna ja aikuisena, aikuistarkastuksessa PPM iris-kornea. 1 pentue, 6 pentua.<br \/>\nsoopeliuros Friby&#8217;n Ovann\u00e4mnd: CEA-vapaa pentuna.[\/toggle][toggle title=&#8221;Offspring&#8221;]<strong>Friby&#8217;n litter dob. 20.7.1999. Sire Ch. Sandiacre Sweet Music Man.<\/strong><br \/>\nsable-white female Friby&#8217;n Kostliga Klase: hips A\/A, elbows 0\/0, CEA-clear as a puppy.<br \/>\nsable-white female Friby&#8217;n Kunniga Gumma: CEA-clear as a puppy.<br \/>\nsable-white female Friby&#8217;n Kyssande Kamrat: CEA-clear as a puppy.<br \/>\nsable-white male Friby&#8217;n Knall och Fall: CEA-clear as a puppy.<br \/>\nsable-white male Friby&#8217;n Krimskrams: CEA-clear as a puppy.<br \/>\nsable-white male Friby&#8217;n K\u00e4re V\u00e4n: hips B\/C, CEA-clear as a puppy.<br \/>\n<strong>Friby&#8217;n litter dob. 9.5.2001. Sire Friby&#8217;n Uppo-Nalle.<\/strong><br \/>\nsable-white female Friby&#8217;n Ompysslad V\u00e4n: CEA-clear as a puppy.<br \/>\ntricolour female TK1 BH Friby&#8217;n Onsdag Flicka: hips A\/A, elbows 0\/0, CEA-clear as a puppy and adult. 1 litter, 5 puppies.<br \/>\nsable-white male Friby&#8217;n Omslagsbild: crd as a puppy.<br \/>\nsable-white male Friby&#8217;n Ordf\u00f6rande: CEA-clear as a puppy.<br \/>\ntricolour male Friby&#8217;n Originell: hips B\/C, elbows 0\/0, CEA-clear as a puppy and adult, as an adult PPM iris-kornea. 1 litter, 6 puppies.<br \/>\nsable-white male Friby&#8217;n Ovann\u00e4mnd: CEA-clear as a puppy.[\/toggle][\/toggles][\/one_half]<\/p>\n","protected":false},"excerpt":{"rendered":"<p>[one_half last=&#8221;no&#8221;][\/one_half][one_half last=&#8221;yes&#8221;][toggles][toggle title=&#8221;Terveys ja luonne&#8221;]Terveet lonkat (A\/B) Silm\u00e4t terveet (pentuna ja aikuisena) Kuolinsyy: todenn\u00e4k\u00f6isesti aivoverenvuodon aiheuttamat neurologiset oireet[\/toggle][toggle title=&#8221;Health &amp; temperament issues&#8221;]HD-clear (A\/B) CEA-clear as a puppy and adult Cause of death: Neurological symptoms, probably cerebral haemmorrhage[\/toggle][\/toggles][\/one_half] [one_half last=&#8221;no&#8221;][toggles][toggle title=&#8221;N\u00e4yttely- ja koetulokset&#8221;]N\u00e4yttelyt: Turku (FI) 5.8.2000 (Barry Makepeace) K\u00c4Y1\/2 SA H\u00e4meenkyr\u00f6 (FI) 13.8.2000 (Charlotte H\u00f6ier) <a href=\"https:\/\/www.ghoststorys.fi\/blog\/?page_id=419#more-'\" class=\"more-link\">Lis\u00e4\u00e4 \u00bb<\/a><\/p>\n","protected":false},"author":1,"featured_media":0,"parent":0,"menu_order":82,"comment_status":"closed","ping_status":"closed","template":"full-width-page.php","meta":[],"_links":{"self":[{"href":"https:\/\/www.ghoststorys.fi\/blog\/index.php?rest_route=\/wp\/v2\/pages\/419"}],"collection":[{"href":"https:\/\/www.ghoststorys.fi\/blog\/index.php?rest_route=\/wp\/v2\/pages"}],"about":[{"href":"https:\/\/www.ghoststorys.fi\/blog\/index.php?rest_route=\/wp\/v2\/types\/page"}],"author":[{"embeddable":true,"href":"https:\/\/www.ghoststorys.fi\/blog\/index.php?rest_route=\/wp\/v2\/users\/1"}],"replies":[{"embeddable":true,"href":"https:\/\/www.ghoststorys.fi\/blog\/index.php?rest_route=%2Fwp%2Fv2%2Fcomments&post=419"}],"version-history":[{"count":20,"href":"https:\/\/www.ghoststorys.fi\/blog\/index.php?rest_route=\/wp\/v2\/pages\/419\/revisions"}],"predecessor-version":[{"id":429,"href":"https:\/\/www.ghoststorys.fi\/blog\/index.php?rest_route=\/wp\/v2\/pages\/419\/revisions\/429"}],"wp:attachment":[{"href":"https:\/\/www.ghoststorys.fi\/blog\/index.php?rest_route=%2Fwp%2Fv2%2Fmedia&parent=419"}],"curies":[{"name":"wp","href":"https:\/\/api.w.org\/{rel}","templated":true}]}}