{"id":360,"date":"2011-03-20T15:56:25","date_gmt":"2011-03-20T13:56:25","guid":{"rendered":"http:\/\/www.ghoststorys.fi\/blog\/?page_id=360"},"modified":"2019-01-03T16:25:46","modified_gmt":"2019-01-03T14:25:46","slug":"fribyn-ole-romeo","status":"publish","type":"page","link":"https:\/\/www.ghoststorys.fi\/blog\/?page_id=360","title":{"rendered":"FI CH Friby&#8217;n Ol\u00e9"},"content":{"rendered":"<p>[one_half last=&#8221;no&#8221;]<script type=\"text\/javascript\">\nvar flashvars1 ={\nautoplay:\"false\",\nflashId:\"1\",\nFKey:\"4812248713ac662cab6b03f54608e25c9928a315affaa772eaa679c009014812248713ac\",\nGalleryPath:\"https:\/\/www.ghoststorys.fi\/blog\/wp-content\/plugins\/oqey-gallery\",\nGalleryID:\"20-360\",\nFirstRun:\"0\"\n};\nvar params1     = {bgcolor:\"#ffffff\", allowFullScreen:\"true\", wMode:\"transparent\"};\nvar attributes1 = {id: \"oqeygallery1\"};\nswfobject.embedSWF(\"https:\/\/www.ghoststorys.fi\/blog\/wp-content\/oqey_gallery\/skins\/oqeyapinsk\/oqeyapinsk.swf\", \"flash_gal_1\", \"100%\", \"350\", \"8.0.0\", \"\", flashvars1, params1, attributes1);\n<\/script>\n<div id=\"flash_gal_1\" style=\"margin: 0 auto;\">\n<div class=\"oqeyslider\" style=\"background:#ffffff;\"><div class=\"oqey-slideshow cycle-slideshow1\" ><div class=\"oqeyincolumn\"><img class=\"lazy1\" src=\"http:\/\/www.ghoststorys.fi\/blog\/wp-content\/uploads\/2014\/12\/romeo3.jpg\" title=\"\" style=\"max-width:100%;min-width:100%;height:auto;\"\/><\/div>\n<p class=\"oqey_p_comments\"><\/p><div class=\"oqeyincolumn\"><img class=\"lazy1\" src=\"http:\/\/www.ghoststorys.fi\/blog\/wp-content\/uploads\/2014\/12\/romeo2.jpg\" title=\"\" style=\"max-width:100%;min-width:100%;height:auto;\"\/><\/div>\n<p class=\"oqey_p_comments\"><\/p><div class=\"oqeyincolumn\"><img class=\"lazy1\" src=\"http:\/\/www.ghoststorys.fi\/blog\/wp-content\/uploads\/2014\/12\/romeo5.jpg\" title=\"\" style=\"max-width:100%;min-width:100%;height:auto;\"\/><\/div>\n<p class=\"oqey_p_comments\"><\/p><div class=\"oqeyincolumn\"><img class=\"lazy1\" src=\"http:\/\/www.ghoststorys.fi\/blog\/wp-content\/uploads\/2014\/12\/romeo6.jpg\" title=\"\" style=\"max-width:100%;min-width:100%;height:auto;\"\/><\/div>\n<p class=\"oqey_p_comments\"><\/p><div class=\"oqeyincolumn\"><img class=\"lazy1\" src=\"http:\/\/www.ghoststorys.fi\/blog\/wp-content\/uploads\/2014\/12\/romeo7.jpg\" title=\"\" style=\"max-width:100%;min-width:100%;height:auto;\"\/><\/div>\n<p class=\"oqey_p_comments\"><\/p><div class=\"oqeyincolumn\"><img class=\"lazy1\" src=\"http:\/\/www.ghoststorys.fi\/blog\/wp-content\/uploads\/2014\/12\/romeo4.jpg\" title=\"\" style=\"max-width:100%;min-width:100%;height:auto;\"\/><\/div>\n<p class=\"oqey_p_comments\"><\/p><div class=\"oqeyincolumn\"><img class=\"lazy1\" src=\"http:\/\/www.ghoststorys.fi\/blog\/wp-content\/uploads\/2014\/12\/romeo1.jpg\" title=\"\" style=\"max-width:100%;min-width:100%;height:auto;\"\/><\/div>\n<p class=\"oqey_p_comments\"><\/p><\/div><\/div>\n<\/div>\n[\/one_half][one_half last=&#8221;yes&#8221;][toggles][toggle title=&#8221;Terveys ja luonne&#8221;]Terveet lonkat (A\/B)<br \/>\nSilm\u00e4t terveet (pentuna ja aikuisena)<br \/>\nKuolinsyy: \u00c4killinen takajalkojen halvaamtuminen l\u00e4hes 14 vuoden i\u00e4ss\u00e4[\/toggle][toggle title=&#8221;Health &amp; temperament issues&#8221;]HD-cleart (A\/B)<br \/>\nCEA-clear as a puppy and adult<br \/>\nCause of death: Sudden hind leg paralysis at the age of almost 14 years[\/toggle][\/toggles][\/one_half]<br \/>\n<table style=\"border: 1px solid #000000; border-collapse: collapse;\" border=\"1\" cellspacing=\"0\" cellpadding=\"0\" width=\"100%\">\r\n<tbody>\r\n<tr>\r\n<td class=\"male\" rowspan=\"4\" width=\"15%\">Ch. JK1 Friby'n Yankee Doodle<\/td>\r\n<td class=\"male\" rowspan=\"2\" width=\"35%\">Ch. JK2 Friby'n Tedmaross<\/td>\r\n<td class=\"male\" width=\"50%\">Ch. JK2 Sandiacre Son Of A Gun<\/td>\r\n<\/tr>\r\n<tr>\r\n<td class=\"female\" width=\"50%\">Friby'n Rasberry Rose<\/td>\r\n<\/tr>\r\n<tr>\r\n<td class=\"female\" rowspan=\"2\" width=\"35%\">Dragonen's Belief<\/td>\r\n<td class=\"male\" width=\"50%\">Brilyn Field Marshall<\/td>\r\n<\/tr>\r\n<tr>\r\n<td class=\"female\" width=\"50%\">Dragonen's The Passion<\/td>\r\n<\/tr>\r\n<tr>\r\n<td class=\"female\" rowspan=\"4\" width=\"15%\">Ch. JK1 Riffendahl Yverette Loozie<\/td>\r\n<td class=\"male\" rowspan=\"2\" width=\"35%\">Ch. Dragonen's Nobless Oblige<\/td>\r\n<td class=\"male\" width=\"50%\">Ch. Dragonen's Smashing-Skipper<\/td>\r\n<\/tr>\r\n<tr>\r\n<td class=\"female\" width=\"50%\">Abbestone Born Free Of Odinstud<\/td>\r\n<\/tr>\r\n<tr>\r\n<td class=\"female\" rowspan=\"2\" width=\"35%\">Riffendahl Silvermoon Blue<\/td>\r\n<td class=\"male\" width=\"50%\">Dragonen's Strikin Midnight<\/td>\r\n<\/tr>\r\n<tr>\r\n<td class=\"female\" width=\"50%\">Riffendahl Blue Ewy<\/td>\r\n<\/tr>\r\n<\/tbody>\r\n<\/table><br \/>\n[one_half last=&#8221;no&#8221;][toggles][toggle title=&#8221;N\u00e4yttely- ja koetulokset&#8221;]<strong>N\u00e4yttelyt: <\/strong><br \/>\nMaarianhamina (FI) 19.9.98 (Nina Karlsdotter) PU2<br \/>\nJurva (FI) 7.8.1999 (Olavi Pasanen) SERT VSP<br \/>\nPori (FI) 29.7.2000 (Jaana Hartus) PU2 SERT<br \/>\nAlaj\u00e4rvi (FI) 5.8.2000 (Annika Ulltveit-Moe) PU3<br \/>\nEcker\u00f6 int (FI) 16.9.2000 (Agnes Ganami-Kertes) SERT VSP<br \/>\nSein\u00e4joki int (FI) 30.6.2001 (Derek Smith) PU5<br \/>\nPiikki\u00f6 (FI) 15.6.2002 (Margaret Everton) PU2 VSP-vet<br \/>\nHelsinki (FI) 7.9.2002 (Margaret Everton) PU2 VSP-vet<br \/>\nV\u00e4xj\u00f6 int (SE) 7.11.2004 (Margaret Everton) PU3<br \/>\nMalm\u00f6 int (SE) 19.3.2006 (Libuse Ubrova) PU2<br \/>\n<strong>Erikoisn\u00e4yttelyt: <\/strong><br \/>\nLappeenranta (FI) 30.3.2002 (Gael Morrison) PU5<br \/>\n<strong>TOKO: <\/strong><br \/>\nPori (FI) 20.8.2000 (Juha Kurtti) ALO1 (184\/200 p.)<br \/>\nUlvila (FI) 13.9.2000 (Ilkka St\u00e9n) ALO1 (176\/200 p.), siirto avoimeen<br \/>\n<strong>PK-kokeet, j\u00e4lki: <\/strong><br \/>\nPori (FI) 2.5.1999 (Taisto Lindfors) PAJ\u00c41 III palkinto 234\/300 p.<br \/>\nPori (FI) 26.9.1999 (Tuomo Vanhatalo) PAJ\u00c41 III palkinto 228\/200 p.[\/toggle][toggle title=&#8221;Show and competition results&#8221;]<strong>Shows: <\/strong><br \/>\nMaarianhamina (FI) 19.9.98 (Nina Karlsdotter) BM2<br \/>\nJurva (FI) 7.8.1999 (Olavi Pasanen) CC BOS<br \/>\nPori (FI) 29.7.2000 (Jaana Hartus) BM2 CC<br \/>\nAlaj\u00e4rvi (FI) 5.8.2000 (Annika Ulltveit-Moe) BM3<br \/>\nEcker\u00f6 int (FI) 16.9.2000 (Agnes Ganami-Kertes) CC BOS<br \/>\nSein\u00e4joki int (FI) 30.6.2001 (Derek Smith) BM5<br \/>\nPiikki\u00f6 (FI) 15.6.2002 (Margaret Everton) BM2 BOS-vet<br \/>\nHelsinki (FI) 7.9.2002 (Margaret Everton) BM2 BOS-vet<br \/>\nV\u00e4xj\u00f6 int (SE) 7.11.2004 (Margaret Everton) BM3<br \/>\nMalm\u00f6 int (SE) 19.3.2006 (Libuse Ubrova) BM2<br \/>\n<strong>Specialities: <\/strong><br \/>\nLappeenranta (FI) 30.3.2002 (Gael Morrison) BM5<br \/>\n<strong>Obedience: <\/strong><br \/>\nPori (FI) 20.8.2000 (Juha Kurtti) Beginner&#8217;s class I prize (184\/200 p.)<br \/>\nUlvila (FI) 13.9.2000 (Ilkka St\u00e9n) Beginner&#8217;s class I prize (176\/200 p.), transfer to Open class<br \/>\n<strong>Working trials, tracking: <\/strong><br \/>\nPori (FI) 2.5.1999 (Taisto Lindfors) I-class III prize 234\/300 p.<br \/>\nPori (FI) 26.9.1999 (Tuomo Vanhatalo) I-class III prize 228\/200 p.[\/toggle][\/toggles]<br \/>\n[button size=&#8221;small&#8221; link=&#8221;http:\/\/jalostus.kennelliitto.fi\/frmKoira.aspx?RekNo=FIN28849\/95&amp;R=156&#8243; target=&#8221;_blank&#8221;]KoiraNet (Finnish Kennel Club\u2019s database)[\/button][\/one_half][one_half last=&#8221;yes&#8221;]<script type=\"text\/javascript\">\nvar flashvars2 ={\nautoplay:\"false\",\nflashId:\"2\",\nFKey:\"4812248713ac662cab6b03f54608e25c9928a315affaa772eaa679c009014812248713ac\",\nGalleryPath:\"https:\/\/www.ghoststorys.fi\/blog\/wp-content\/plugins\/oqey-gallery\",\nGalleryID:\"21-360\",\nFirstRun:\"0\"\n};\nvar params2     = {bgcolor:\"#ffffff\", allowFullScreen:\"true\", wMode:\"transparent\"};\nvar attributes2 = {id: \"oqeygallery2\"};\nswfobject.embedSWF(\"https:\/\/www.ghoststorys.fi\/blog\/wp-content\/oqey_gallery\/skins\/oqeyapinsk\/oqeyapinsk.swf\", \"flash_gal_2\", \"100%\", \"350\", \"8.0.0\", \"\", flashvars2, params2, attributes2);\n<\/script>\n<div id=\"flash_gal_2\" style=\"margin: 0 auto;\">\n<div class=\"oqeyslider\" style=\"background:#ffffff;\"><div class=\"oqey-slideshow cycle-slideshow2\" ><div class=\"oqeyincolumn\"><img class=\"lazy2\" src=\"http:\/\/www.ghoststorys.fi\/blog\/wp-content\/uploads\/2014\/12\/sina3.jpg\" title=\"\" style=\"max-width:100%;min-width:100%;height:auto;\"\/><\/div>\n<p class=\"oqey_p_comments\"><\/p><div class=\"oqeyincolumn\"><img class=\"lazy2\" src=\"http:\/\/www.ghoststorys.fi\/blog\/wp-content\/uploads\/2014\/12\/jawa7.jpg\" title=\"\" style=\"max-width:100%;min-width:100%;height:auto;\"\/><\/div>\n<p class=\"oqey_p_comments\"><\/p><div class=\"oqeyincolumn\"><img class=\"lazy2\" src=\"http:\/\/www.ghoststorys.fi\/blog\/wp-content\/uploads\/2015\/01\/mopedimuorinbahaylinopeus.jpg\" title=\"\" style=\"max-width:100%;min-width:100%;height:auto;\"\/><\/div>\n<p class=\"oqey_p_comments\"><\/p><div class=\"oqeyincolumn\"><img class=\"lazy2\" src=\"http:\/\/www.ghoststorys.fi\/blog\/wp-content\/uploads\/2015\/01\/ketopinlilahlobelblue.jpg\" title=\"\" style=\"max-width:100%;min-width:100%;height:auto;\"\/><\/div>\n<p class=\"oqey_p_comments\"><\/p><div class=\"oqeyincolumn\"><img class=\"lazy2\" src=\"http:\/\/www.ghoststorys.fi\/blog\/wp-content\/uploads\/2015\/01\/mopedimuorinbensaasuonissa2.jpg\" title=\"\" style=\"max-width:100%;min-width:100%;height:auto;\"\/><\/div>\n<p class=\"oqey_p_comments\"><\/p><div class=\"oqeyincolumn\"><img class=\"lazy2\" src=\"http:\/\/www.ghoststorys.fi\/blog\/wp-content\/uploads\/2015\/01\/mopedimuorinbienbemari.jpg\" title=\"\" style=\"max-width:100%;min-width:100%;height:auto;\"\/><\/div>\n<p class=\"oqey_p_comments\"><\/p><div class=\"oqeyincolumn\"><img class=\"lazy2\" src=\"http:\/\/www.ghoststorys.fi\/blog\/wp-content\/uploads\/2015\/01\/juniperhillsbailador.jpg\" title=\"\" style=\"max-width:100%;min-width:100%;height:auto;\"\/><\/div>\n<p class=\"oqey_p_comments\"><\/p><div class=\"oqeyincolumn\"><img class=\"lazy2\" src=\"http:\/\/www.ghoststorys.fi\/blog\/wp-content\/uploads\/2015\/01\/ketopindollyblue.jpg\" title=\"\" style=\"max-width:100%;min-width:100%;height:auto;\"\/><\/div>\n<p class=\"oqey_p_comments\"><\/p><div class=\"oqeyincolumn\"><img class=\"lazy2\" src=\"http:\/\/www.ghoststorys.fi\/blog\/wp-content\/uploads\/2014\/12\/jawa8.jpg\" title=\"\" style=\"max-width:100%;min-width:100%;height:auto;\"\/><\/div>\n<p class=\"oqey_p_comments\"><\/p><div class=\"oqeyincolumn\"><img class=\"lazy2\" src=\"http:\/\/www.ghoststorys.fi\/blog\/wp-content\/uploads\/2015\/01\/mopedimuorinbahaylinopeus2.jpg\" title=\"\" style=\"max-width:100%;min-width:100%;height:auto;\"\/><\/div>\n<p class=\"oqey_p_comments\"><\/p><div class=\"oqeyincolumn\"><img class=\"lazy2\" src=\"http:\/\/www.ghoststorys.fi\/blog\/wp-content\/uploads\/2015\/01\/ketopindarleneblue.jpg\" title=\"\" style=\"max-width:100%;min-width:100%;height:auto;\"\/><\/div>\n<p class=\"oqey_p_comments\"><\/p><div class=\"oqeyincolumn\"><img class=\"lazy2\" src=\"http:\/\/www.ghoststorys.fi\/blog\/wp-content\/uploads\/2015\/01\/juniperhillsbaronbeso.jpg\" title=\"\" style=\"max-width:100%;min-width:100%;height:auto;\"\/><\/div>\n<p class=\"oqey_p_comments\"><\/p><div class=\"oqeyincolumn\"><img class=\"lazy2\" src=\"http:\/\/www.ghoststorys.fi\/blog\/wp-content\/uploads\/2015\/01\/cajendocaracleopatra.jpg\" title=\"\" style=\"max-width:100%;min-width:100%;height:auto;\"\/><\/div>\n<p class=\"oqey_p_comments\"><\/p><div class=\"oqeyincolumn\"><img class=\"lazy2\" src=\"http:\/\/www.ghoststorys.fi\/blog\/wp-content\/uploads\/2015\/01\/cajendocaracamilla.jpg\" title=\"\" style=\"max-width:100%;min-width:100%;height:auto;\"\/><\/div>\n<p class=\"oqey_p_comments\"><\/p><div class=\"oqeyincolumn\"><img class=\"lazy2\" src=\"http:\/\/www.ghoststorys.fi\/blog\/wp-content\/uploads\/2014\/12\/jawa5.jpg\" title=\"\" style=\"max-width:100%;min-width:100%;height:auto;\"\/><\/div>\n<p class=\"oqey_p_comments\"><\/p><div class=\"oqeyincolumn\"><img class=\"lazy2\" src=\"http:\/\/www.ghoststorys.fi\/blog\/wp-content\/uploads\/2015\/01\/mopedimuorinbahaylinopeus3.jpg\" title=\"\" style=\"max-width:100%;min-width:100%;height:auto;\"\/><\/div>\n<p class=\"oqey_p_comments\"><\/p><div class=\"oqeyincolumn\"><img class=\"lazy2\" src=\"http:\/\/www.ghoststorys.fi\/blog\/wp-content\/uploads\/2015\/01\/juniperhillsbandolero.jpg\" title=\"\" style=\"max-width:100%;min-width:100%;height:auto;\"\/><\/div>\n<p class=\"oqey_p_comments\"><\/p><div class=\"oqeyincolumn\"><img class=\"lazy2\" src=\"http:\/\/www.ghoststorys.fi\/blog\/wp-content\/uploads\/2015\/01\/juniperhillsbravocaballero2.jpg\" title=\"\" style=\"max-width:100%;min-width:100%;height:auto;\"\/><\/div>\n<p class=\"oqey_p_comments\"><\/p><div class=\"oqeyincolumn\"><img class=\"lazy2\" src=\"http:\/\/www.ghoststorys.fi\/blog\/wp-content\/uploads\/2015\/01\/juniperhillsbandolero2.jpg\" title=\"\" style=\"max-width:100%;min-width:100%;height:auto;\"\/><\/div>\n<p class=\"oqey_p_comments\"><\/p><div class=\"oqeyincolumn\"><img class=\"lazy2\" src=\"http:\/\/www.ghoststorys.fi\/blog\/wp-content\/uploads\/2014\/12\/sina2.jpg\" title=\"\" style=\"max-width:100%;min-width:100%;height:auto;\"\/><\/div>\n<p class=\"oqey_p_comments\"><\/p><div class=\"oqeyincolumn\"><img class=\"lazy2\" src=\"http:\/\/www.ghoststorys.fi\/blog\/wp-content\/uploads\/2015\/01\/juniperhillsbrillantepiedra.jpg\" title=\"\" style=\"max-width:100%;min-width:100%;height:auto;\"\/><\/div>\n<p class=\"oqey_p_comments\"><\/p><div class=\"oqeyincolumn\"><img class=\"lazy2\" src=\"http:\/\/www.ghoststorys.fi\/blog\/wp-content\/uploads\/2015\/01\/mopedimuorinbabbatunturi.jpg\" title=\"\" style=\"max-width:100%;min-width:100%;height:auto;\"\/><\/div>\n<p class=\"oqey_p_comments\"><\/p><div class=\"oqeyincolumn\"><img class=\"lazy2\" src=\"http:\/\/www.ghoststorys.fi\/blog\/wp-content\/uploads\/2014\/12\/jawa1.jpg\" title=\"\" style=\"max-width:100%;min-width:100%;height:auto;\"\/><\/div>\n<p class=\"oqey_p_comments\"><\/p><div class=\"oqeyincolumn\"><img class=\"lazy2\" src=\"http:\/\/www.ghoststorys.fi\/blog\/wp-content\/uploads\/2015\/01\/mopedimuorinbianskootteri.jpg\" title=\"\" style=\"max-width:100%;min-width:100%;height:auto;\"\/><\/div>\n<p class=\"oqey_p_comments\"><\/p><div class=\"oqeyincolumn\"><img class=\"lazy2\" src=\"http:\/\/www.ghoststorys.fi\/blog\/wp-content\/uploads\/2015\/01\/juniperhillsbailador3.jpg\" title=\"\" style=\"max-width:100%;min-width:100%;height:auto;\"\/><\/div>\n<p class=\"oqey_p_comments\"><\/p><div class=\"oqeyincolumn\"><img class=\"lazy2\" src=\"http:\/\/www.ghoststorys.fi\/blog\/wp-content\/uploads\/2015\/01\/juniperhillsbrillantepiedra2.jpg\" title=\"\" style=\"max-width:100%;min-width:100%;height:auto;\"\/><\/div>\n<p class=\"oqey_p_comments\"><\/p><div class=\"oqeyincolumn\"><img class=\"lazy2\" src=\"http:\/\/www.ghoststorys.fi\/blog\/wp-content\/uploads\/2015\/01\/mopedimuorinbratkajatka.jpg\" title=\"\" style=\"max-width:100%;min-width:100%;height:auto;\"\/><\/div>\n<p class=\"oqey_p_comments\"><\/p><div class=\"oqeyincolumn\"><img class=\"lazy2\" src=\"http:\/\/www.ghoststorys.fi\/blog\/wp-content\/uploads\/2015\/01\/cajendocarocecar.jpg\" title=\"\" style=\"max-width:100%;min-width:100%;height:auto;\"\/><\/div>\n<p class=\"oqey_p_comments\"><\/p><div class=\"oqeyincolumn\"><img class=\"lazy2\" src=\"http:\/\/www.ghoststorys.fi\/blog\/wp-content\/uploads\/2015\/01\/juniperhillsbravocaballero.jpg\" title=\"\" style=\"max-width:100%;min-width:100%;height:auto;\"\/><\/div>\n<p class=\"oqey_p_comments\"><\/p><div class=\"oqeyincolumn\"><img class=\"lazy2\" src=\"http:\/\/www.ghoststorys.fi\/blog\/wp-content\/uploads\/2015\/01\/mopedimuorinbensaasuonissa.jpg\" title=\"\" style=\"max-width:100%;min-width:100%;height:auto;\"\/><\/div>\n<p class=\"oqey_p_comments\"><\/p><div class=\"oqeyincolumn\"><img class=\"lazy2\" src=\"http:\/\/www.ghoststorys.fi\/blog\/wp-content\/uploads\/2015\/01\/cajendocaracelcita.jpg\" title=\"\" style=\"max-width:100%;min-width:100%;height:auto;\"\/><\/div>\n<p class=\"oqey_p_comments\"><\/p><div class=\"oqeyincolumn\"><img class=\"lazy2\" src=\"http:\/\/www.ghoststorys.fi\/blog\/wp-content\/uploads\/2015\/01\/mopedimuorinbikkuvespa.jpg\" title=\"\" style=\"max-width:100%;min-width:100%;height:auto;\"\/><\/div>\n<p class=\"oqey_p_comments\"><\/p><div class=\"oqeyincolumn\"><img class=\"lazy2\" src=\"http:\/\/www.ghoststorys.fi\/blog\/wp-content\/uploads\/2015\/01\/juniperhillsbrillantepiedra3.jpg\" title=\"\" style=\"max-width:100%;min-width:100%;height:auto;\"\/><\/div>\n<p class=\"oqey_p_comments\"><\/p><div class=\"oqeyincolumn\"><img class=\"lazy2\" src=\"http:\/\/www.ghoststorys.fi\/blog\/wp-content\/uploads\/2015\/01\/mopedimuorinbiililewis.jpg\" title=\"\" style=\"max-width:100%;min-width:100%;height:auto;\"\/><\/div>\n<p class=\"oqey_p_comments\"><\/p><div class=\"oqeyincolumn\"><img class=\"lazy2\" src=\"http:\/\/www.ghoststorys.fi\/blog\/wp-content\/uploads\/2015\/01\/cajendocarocecar2.jpg\" title=\"\" style=\"max-width:100%;min-width:100%;height:auto;\"\/><\/div>\n<p class=\"oqey_p_comments\"><\/p><\/div><\/div>\n<\/div>\n<br \/>\n[toggles][toggle title=&#8221;J\u00e4lkel\u00e4iset&#8221;]<strong>Cajendo C-pentue synt. 29.5.1998. Em\u00e4 Friby&#8217;n Q-Rankukka.<\/strong><br \/>\ntricolournarttu Cajendo Cara Camilla: lonkat A\/B, terveet silm\u00e4t pentuna ja aikuisena.<br \/>\ntricolournarttu Cajendo Cassandra: terveet silm\u00e4t pentuna.<br \/>\ntricolournarttu Cajendo Cara Cecilia: lonkat A\/A, crd pentuna.<br \/>\ntricolournarttu Cajendo Cara Celcita: lonkat A\/A, crd pentuna, terveet silm\u00e4t aikuisena.<br \/>\nblue merle narttu Cajendo Cara Cleopatra: lonkat C\/C, terveet silm\u00e4t pentuna ja aikuisena.<br \/>\nblue merle uros Cajendo Caro Casanova: lonkat A\/B, terveet silm\u00e4t pentuna ja aikuisena.<br \/>\nblue merle uros FI EE CH JK1 TK2 BH Cajendo Caro Cecar: lonkat A\/A, terveet silm\u00e4t pentuna ja aikuisena.<br \/>\n<strong>Ketopin-pentue synt. 22.5.1999. Em\u00e4 Ketopin Ladyssilversaga.<\/strong><br \/>\nblue merle narttu Ketopin Darlene Blue: lonkat C\/C, terveet silm\u00e4t aikuisena.<br \/>\nblue merle narttu Ketopin Dolly Blue: lonkat B\/B, terveet silm\u00e4t aikuisena. 2 pentuetta, 5 pentua.<br \/>\ntricolournarttu Ketopin Dorothee.<br \/>\nblue merle narttu Ketopin Lilah Lobel Blue: lonkat B\/B, terveet silm\u00e4t aikuisena. 1 pentue, 4 pentua.<br \/>\ntricoloururos Ketopin Dany Bl\u00e4ck.<br \/>\nblue merle uros Ketopin Don Juan.<br \/>\n<strong>Mopedimuorin B-pentue synt. 30.6.2001. Em\u00e4 Friby&#8217;n Ukulele.<\/strong><br \/>\ntricolournarttu Mopedimuorin Baha Ylinopeus: lonkat B\/B, terveet silm\u00e4t aikuisena.<br \/>\ntricolournarttu Mopedimuorin Bakomobiili.<br \/>\ntricolournarttu Mopedimuorin Bensaa Suonissa: lonkat C\/C, terveet silm\u00e4t aikuisena. 3 pentuetta, 17 pentua.<br \/>\nsoopelinarttu Mopedimuorin Bien Bemari.<br \/>\nsoopelinarttu Mopedimuorin Bikku Vespa.<br \/>\ntricoloururos Mopedimuorin Babba Tunturi.<br \/>\ntricoloururos Mopedimuorin Biili Lewis.<br \/>\ntricoloururos Mopedimuorin Bi\u00e4n Skootteri.<br \/>\ntricoloururos Mopedimuorin Br\u00e4tk\u00e4j\u00e4tk\u00e4.<br \/>\n<strong>Juniperhill&#8217;s-pentue synt. 17.6.2003. Em\u00e4 Friby&#8217;n Giggiolina.<\/strong><br \/>\ntricolournarttu Juniperhill&#8217;s Brillantepiedra: lonkat B\/B, kyyn\u00e4r\u00e4t 0\/0, terveet silm\u00e4t pentuna ja aikuisena.<br \/>\nblue merle narttu C.I.B EE LV CH BH Juniperhill&#8217;s Bucanera: lonkat A\/A, kyyn\u00e4r\u00e4t 0\/0, terveet silm\u00e4t pentuna ja aikuisena.<br \/>\ntricoloururos Juniperhill&#8217;s Bailador: lonkat C\/C, kyyn\u00e4r\u00e4t 0\/0, silm\u00e4t terveet pentuna ja aikuisena.<br \/>\nblue merle uros Juniperhill&#8217;s Bandolero: lonkat B\/B, coloboma pentuna ja aikuisena, 1 pentue, 5 pentua.<br \/>\ntricoloururos Juniperhill&#8217;s Baron Beso: lonkat C\/C, kyyn\u00e4r\u00e4t 0\/0, tervesilm\u00e4inen pentuna, 1 pentue, 5 pentua.<br \/>\nblue merle uros Juniperhill&#8217;s Bravo Amor: lonkat A\/B, kyyn\u00e4r\u00e4t 0\/0, crd pentuna, tervesilm\u00e4inen aikuisena. 1 pentue, 8 pentua.<br \/>\ntricoloururos Juniperhill&#8217;s Bravo Caballero: lonkat B\/B, kyyn\u00e4r\u00e4t 0\/0, silm\u00e4t terveet pentuna ja aikuisena.[\/toggle][toggle title=&#8221;Offspring&#8221;]<strong>Cajendo C-litter dob. 29.5.1998. Dam Friby&#8217;n Q-Rankukka.<\/strong><br \/>\ntricolour female Cajendo Cara Camilla: hips A\/B, CEA-clear as a puppy and adult.<br \/>\ntricolour female Cajendo Cassandra: CEA-clear as a puppy.<br \/>\ntricolour female Cajendo Cara Cecilia: hips A\/A, crd as a puppy.<br \/>\ntricolour female Cajendo Cara Celcita: hips A\/A, crd as a puppy, CEA-clear as an adult.<br \/>\nblue merle female Cajendo Cara Cleopatra: hips C\/C, CEA-clear as a puppy and adult.<br \/>\nblue merle male Cajendo Caro Casanova: hips A\/B, CEA-clear as a puppy and adult.<br \/>\nblue merle male FI EE CH JK1 TK2 BH Cajendo Caro Cecar: hips A\/A, CEA-clear as a puppy and adult<br \/>\n<strong>Ketopin-litter dob. 22.5.1999. Dam Ketopin Ladyssilversaga.<\/strong><br \/>\nblue merle female Ketopin Darlene Blue: hips C\/C, CEA-clear as an adult.<br \/>\nblue merle female Ketopin Dolly Blue: hips B\/B, CEA-clear as an adult. 2 litters, 5 puppies.<br \/>\ntricolour female Ketopin Dorothee.<br \/>\nblue merle female Ketopin Lilah Lobel Blue: hips B\/B, CEA-clear as an adult. 1 litter, 4 puppies.<br \/>\ntricolour male Ketopin Dany Bl\u00e4ck.<br \/>\nblue merle male Ketopin Don Juan.<br \/>\n<strong>Mopedimuorin B-litter dob. 30.6.2001. Dam Friby&#8217;n Ukulele.<\/strong><br \/>\ntricolour female Mopedimuorin Baha Ylinopeus: hips B\/B, CEA-clear as an adult.<br \/>\ntricolour female Mopedimuorin Bakomobiili.<br \/>\ntricolour female Mopedimuorin Bensaa Suonissa: hips C\/C, CEA-clear as an adult. 3 litters, 17 puppies.<br \/>\nsable-white female Mopedimuorin Bien Bemari.<br \/>\nsable-white female Mopedimuorin Bikku Vespa.<br \/>\ntricolour male Mopedimuorin Babba Tunturi.<br \/>\ntricolour male Mopedimuorin Biili Lewis.<br \/>\ntricolour male Mopedimuorin Bi\u00e4n Skootteri.<br \/>\ntricolour male Mopedimuorin Br\u00e4tk\u00e4j\u00e4tk\u00e4.<br \/>\n<strong>Juniperhill&#8217;s B-litter dob. 17.6.2003. Dam Friby&#8217;n Giggiolina.<\/strong><br \/>\ntricolour female Juniperhill&#8217;s Brillantepiedra: hips B\/B, elbows 0\/0, CEA-clear as a puppy and adult.<br \/>\nblue merle female C.I.B EE LV CH BH Juniperhill&#8217;s Bucanera: hips A\/A, elbows 0\/0, CEA-clear as a puppy and adult.<br \/>\ntricolour male Juniperhill&#8217;s Bailador: hips C\/C, elbows 0\/0, CEA-clear as a puppy and adult.<br \/>\nblue merle male Juniperhill&#8217;s Bandolero: hips B\/B, coloboma as a puppy and adult, 1 litter, 5 puppies.<br \/>\ntricolour male Juniperhill&#8217;s Baron Beso: hips C\/C, elbows 0\/0, CEA-clear as a puppy. 1 litter, 5 puppies.<br \/>\nblue merle male Juniperhill&#8217;s Bravo Amor: hips A\/B, elbows 0\/0, crd as a puppy, CEA-clear as an adult. 1 litter, 8 puppies.<br \/>\ntricoloururos Juniperhill&#8217;s Bravo Caballero: lonkat B\/B, elbows 0\/0, CEA-clear as a puppy and adult.[\/toggle][\/toggles][\/one_half]<\/p>\n","protected":false},"excerpt":{"rendered":"<p>[one_half last=&#8221;no&#8221;][\/one_half][one_half last=&#8221;yes&#8221;][toggles][toggle title=&#8221;Terveys ja luonne&#8221;]Terveet lonkat (A\/B) Silm\u00e4t terveet (pentuna ja aikuisena) Kuolinsyy: \u00c4killinen takajalkojen halvaamtuminen l\u00e4hes 14 vuoden i\u00e4ss\u00e4[\/toggle][toggle title=&#8221;Health &amp; temperament issues&#8221;]HD-cleart (A\/B) CEA-clear as a puppy and adult Cause of death: Sudden hind leg paralysis at the age of almost 14 years[\/toggle][\/toggles][\/one_half] [one_half last=&#8221;no&#8221;][toggles][toggle title=&#8221;N\u00e4yttely- ja koetulokset&#8221;]N\u00e4yttelyt: Maarianhamina (FI) 19.9.98 (Nina <a href=\"https:\/\/www.ghoststorys.fi\/blog\/?page_id=360#more-'\" class=\"more-link\">Lis\u00e4\u00e4 \u00bb<\/a><\/p>\n","protected":false},"author":1,"featured_media":0,"parent":0,"menu_order":81,"comment_status":"closed","ping_status":"closed","template":"full-width-page.php","meta":[],"_links":{"self":[{"href":"https:\/\/www.ghoststorys.fi\/blog\/index.php?rest_route=\/wp\/v2\/pages\/360"}],"collection":[{"href":"https:\/\/www.ghoststorys.fi\/blog\/index.php?rest_route=\/wp\/v2\/pages"}],"about":[{"href":"https:\/\/www.ghoststorys.fi\/blog\/index.php?rest_route=\/wp\/v2\/types\/page"}],"author":[{"embeddable":true,"href":"https:\/\/www.ghoststorys.fi\/blog\/index.php?rest_route=\/wp\/v2\/users\/1"}],"replies":[{"embeddable":true,"href":"https:\/\/www.ghoststorys.fi\/blog\/index.php?rest_route=%2Fwp%2Fv2%2Fcomments&post=360"}],"version-history":[{"count":44,"href":"https:\/\/www.ghoststorys.fi\/blog\/index.php?rest_route=\/wp\/v2\/pages\/360\/revisions"}],"predecessor-version":[{"id":3892,"href":"https:\/\/www.ghoststorys.fi\/blog\/index.php?rest_route=\/wp\/v2\/pages\/360\/revisions\/3892"}],"wp:attachment":[{"href":"https:\/\/www.ghoststorys.fi\/blog\/index.php?rest_route=%2Fwp%2Fv2%2Fmedia&parent=360"}],"curies":[{"name":"wp","href":"https:\/\/api.w.org\/{rel}","templated":true}]}}