{"id":339,"date":"2011-03-14T12:15:24","date_gmt":"2011-03-14T10:15:24","guid":{"rendered":"http:\/\/www.ghoststorys.fi\/blog\/?page_id=339"},"modified":"2015-01-04T18:53:21","modified_gmt":"2015-01-04T16:53:21","slug":"leaftribe-black-pearl-mutu","status":"publish","type":"page","link":"https:\/\/www.ghoststorys.fi\/blog\/?page_id=339","title":{"rendered":"Leaftribe Black Pearl"},"content":{"rendered":"<p>[one_half last=&#8221;no&#8221;]<script type=\"text\/javascript\">\nvar flashvars1 ={\nautoplay:\"false\",\nflashId:\"1\",\nFKey:\"4812248713ac662cab6b03f54608e25c9928a315affaa772eaa679c009014812248713ac\",\nGalleryPath:\"https:\/\/www.ghoststorys.fi\/blog\/wp-content\/plugins\/oqey-gallery\",\nGalleryID:\"17-339\",\nFirstRun:\"0\"\n};\nvar params1     = {bgcolor:\"#ffffff\", allowFullScreen:\"true\", wMode:\"transparent\"};\nvar attributes1 = {id: \"oqeygallery1\"};\nswfobject.embedSWF(\"https:\/\/www.ghoststorys.fi\/blog\/wp-content\/oqey_gallery\/skins\/oqeyapinsk\/oqeyapinsk.swf\", \"flash_gal_1\", \"100%\", \"350\", \"8.0.0\", \"\", flashvars1, params1, attributes1);\n<\/script>\n<div id=\"flash_gal_1\" style=\"margin: 0 auto;\">\n<div class=\"oqeyslider\" style=\"background:#ffffff;\"><div class=\"oqey-slideshow cycle-slideshow1\" ><div class=\"oqeyincolumn\"><img class=\"lazy1\" src=\"http:\/\/www.ghoststorys.fi\/blog\/wp-content\/uploads\/2014\/12\/mutu8.jpg\" title=\"\" style=\"max-width:100%;min-width:100%;height:auto;\"\/><\/div>\n<p class=\"oqey_p_comments\"><\/p><div class=\"oqeyincolumn\"><img class=\"lazy1\" src=\"http:\/\/www.ghoststorys.fi\/blog\/wp-content\/uploads\/2014\/12\/mutu6.jpg\" title=\"\" style=\"max-width:100%;min-width:100%;height:auto;\"\/><\/div>\n<p class=\"oqey_p_comments\"><\/p><div class=\"oqeyincolumn\"><img class=\"lazy1\" src=\"http:\/\/www.ghoststorys.fi\/blog\/wp-content\/uploads\/2014\/12\/mutu7.jpg\" title=\"\" style=\"max-width:100%;min-width:100%;height:auto;\"\/><\/div>\n<p class=\"oqey_p_comments\"><\/p><div class=\"oqeyincolumn\"><img class=\"lazy1\" src=\"http:\/\/www.ghoststorys.fi\/blog\/wp-content\/uploads\/2015\/01\/mutu9.jpg\" title=\"\" style=\"max-width:100%;min-width:100%;height:auto;\"\/><\/div>\n<p class=\"oqey_p_comments\"><\/p><div class=\"oqeyincolumn\"><img class=\"lazy1\" src=\"http:\/\/www.ghoststorys.fi\/blog\/wp-content\/uploads\/2014\/12\/mutu5.jpg\" title=\"\" style=\"max-width:100%;min-width:100%;height:auto;\"\/><\/div>\n<p class=\"oqey_p_comments\"><\/p><div class=\"oqeyincolumn\"><img class=\"lazy1\" src=\"http:\/\/www.ghoststorys.fi\/blog\/wp-content\/uploads\/2014\/12\/mutu4.jpg\" title=\"\" style=\"max-width:100%;min-width:100%;height:auto;\"\/><\/div>\n<p class=\"oqey_p_comments\"><\/p><div class=\"oqeyincolumn\"><img class=\"lazy1\" src=\"http:\/\/www.ghoststorys.fi\/blog\/wp-content\/uploads\/2014\/12\/mutu3.jpg\" title=\"\" style=\"max-width:100%;min-width:100%;height:auto;\"\/><\/div>\n<p class=\"oqey_p_comments\"><\/p><div class=\"oqeyincolumn\"><img class=\"lazy1\" src=\"http:\/\/www.ghoststorys.fi\/blog\/wp-content\/uploads\/2014\/12\/mutu2.jpg\" title=\"\" style=\"max-width:100%;min-width:100%;height:auto;\"\/><\/div>\n<p class=\"oqey_p_comments\"><\/p><div class=\"oqeyincolumn\"><img class=\"lazy1\" src=\"http:\/\/www.ghoststorys.fi\/blog\/wp-content\/uploads\/2014\/12\/mutu1.jpg\" title=\"\" style=\"max-width:100%;min-width:100%;height:auto;\"\/><\/div>\n<p class=\"oqey_p_comments\"><\/p><\/div><\/div>\n<\/div>\n[\/one_half][one_half last=&#8221;yes&#8221;][toggles][toggle title=&#8221;Terveys ja luonne&#8221;]Terveet lonkat ja kyyn\u00e4r\u00e4t (A\/A, 0\/0)<br \/>\nBLUP 106 (75 %) marraskuu 2014<br \/>\nCea-vapaa (pentuna ja aikuisena)<br \/>\nGeenitesti CEA-kantaja[\/toggle][toggle title=&#8221;Health &amp; temperament issues&#8221;]HD&amp;ED-clear (A\/A, 0\/0)<br \/>\nBLUP 106 (75 %) November 2014<br \/>\nCEA-clear (6 weeks and adult)<br \/>\nGene test CEA carrier[\/toggle][\/toggles][\/one_half]<br \/>\n<table style=\"border: 1px solid #000000; border-collapse: collapse;\" border=\"1\" cellspacing=\"0\" cellpadding=\"0\" width=\"100%\">\r\n<tbody>\r\n<tr>\r\n<td class=\"male\" rowspan=\"4\" width=\"15%\">Go-West vom Hause Reinhard<\/td>\r\n<td class=\"male\" rowspan=\"2\" width=\"35%\">Ch. Tabasco vom Hause Reinhard<\/td>\r\n<td class=\"male\" width=\"50%\">Chogun vom Hause Reinhard<\/td>\r\n<\/tr>\r\n<tr>\r\n<td class=\"female\" width=\"50%\">Rickwood Honey Suckle Rose<\/td>\r\n<\/tr>\r\n<tr>\r\n<td class=\"female\" rowspan=\"2\" width=\"35%\">Africa-Dream vom Hause Reinhard<\/td>\r\n<td class=\"male\" width=\"50%\">Shakin All Over vom Hause Reinhard<\/td>\r\n<\/tr>\r\n<tr>\r\n<td class=\"female\" width=\"50%\">Ch. Jet-Black vom Hause Reinhard<\/td>\r\n<\/tr>\r\n<tr>\r\n<td class=\"female\" rowspan=\"4\" width=\"15%\">TK1 BH Friby'n Onsdag Flicka<\/td>\r\n<td class=\"male\" rowspan=\"2\" width=\"35%\">Friby'n Uppo-Nalle<\/td>\r\n<td class=\"male\" width=\"50%\">Ch. JK2 Sandiacre Son Of A Gun<\/td>\r\n<\/tr>\r\n<tr>\r\n<td class=\"female\" width=\"50%\">Oskarinhovin Honey-Moon<\/td>\r\n<\/tr>\r\n<tr>\r\n<td class=\"female\" rowspan=\"2\" width=\"35%\"><a href=\"http:\/\/www.ghoststorys.fi\/blog\/?page_id=419\">Ketopin Lolitas Lulu<\/a><\/td>\r\n<td class=\"male\" width=\"50%\">Ch. JK1 Ebony Of Joshren<\/td>\r\n<\/tr>\r\n<tr>\r\n<td class=\"female\" width=\"50%\">Ketopin Ladyssilversaga<\/td>\r\n<\/tr>\r\n<\/tbody>\r\n<\/table><br \/>\n[one_half last=&#8221;no&#8221;][toggles][toggle title=&#8221;N\u00e4yttely- ja koetulokset&#8221;]<strong>SERTit: <\/strong><br \/>\nRakvere (EE) 4.4.2009 (Livija Zizevske) SERT VSP<br \/>\nSillamae (EE) 18.4.2009 (Peter Harsanyi) PN3 SERT<br \/>\n<strong>jSERTit: <\/strong><br \/>\nViljandi (EE) 14.7.2007 (Elena Yerusalimskaya) JSERT PN3[\/toggle][toggle title=&#8221;Show &amp; competition results&#8221;]<strong>CCs: <\/strong><br \/>\nRakvere (EE) 4.4.2009 (Livija Zizevske) CC BOS<br \/>\nSillamae (EE) 18.4.2009 (Peter Harsanyi) BB3 CC<br \/>\n<strong>jCCs: <\/strong><br \/>\nViljandi (EE) 14.7.2007 (Elena Yerusalimskaya) JCC BB3[\/toggle][\/toggles]<br \/>\n[button size=&#8221;small&#8221; link=&#8221;http:\/\/jalostus.kennelliitto.fi\/frmKoira.aspx?RekNo=FIN41765\/06&#038;R=156&#8243; target=&#8221;_blank&#8221;]KoiraNet (Finnish Kennel Club\u2019s database)[\/button][\/one_half][one_half last=&#8221;yes&#8221;]<script type=\"text\/javascript\">\nvar flashvars2 ={\nautoplay:\"false\",\nflashId:\"2\",\nFKey:\"4812248713ac662cab6b03f54608e25c9928a315affaa772eaa679c009014812248713ac\",\nGalleryPath:\"https:\/\/www.ghoststorys.fi\/blog\/wp-content\/plugins\/oqey-gallery\",\nGalleryID:\"18-339\",\nFirstRun:\"0\"\n};\nvar params2     = {bgcolor:\"#ffffff\", allowFullScreen:\"true\", wMode:\"transparent\"};\nvar attributes2 = {id: \"oqeygallery2\"};\nswfobject.embedSWF(\"https:\/\/www.ghoststorys.fi\/blog\/wp-content\/oqey_gallery\/skins\/oqeyapinsk\/oqeyapinsk.swf\", \"flash_gal_2\", \"100%\", \"350\", \"8.0.0\", \"\", flashvars2, params2, attributes2);\n<\/script>\n<div id=\"flash_gal_2\" style=\"margin: 0 auto;\">\n<div class=\"oqeyslider\" style=\"background:#ffffff;\"><div class=\"oqey-slideshow cycle-slideshow2\" ><div class=\"oqeyincolumn\"><img class=\"lazy2\" src=\"http:\/\/www.ghoststorys.fi\/blog\/wp-content\/uploads\/2014\/12\/gsbookaneer2.jpg\" title=\"\" style=\"max-width:100%;min-width:100%;height:auto;\"\/><\/div>\n<p class=\"oqey_p_comments\"><\/p><div class=\"oqeyincolumn\"><img class=\"lazy2\" src=\"http:\/\/www.ghoststorys.fi\/blog\/wp-content\/uploads\/2014\/12\/gsbrainpicker4.jpg\" title=\"\" style=\"max-width:100%;min-width:100%;height:auto;\"\/><\/div>\n<p class=\"oqey_p_comments\"><\/p><div class=\"oqeyincolumn\"><img class=\"lazy2\" src=\"http:\/\/www.ghoststorys.fi\/blog\/wp-content\/uploads\/2014\/12\/gscodetalker4.jpg\" title=\"\" style=\"max-width:100%;min-width:100%;height:auto;\"\/><\/div>\n<p class=\"oqey_p_comments\"><\/p><div class=\"oqeyincolumn\"><img class=\"lazy2\" src=\"http:\/\/www.ghoststorys.fi\/blog\/wp-content\/uploads\/2014\/12\/gswisecracker2.jpg\" title=\"\" style=\"max-width:100%;min-width:100%;height:auto;\"\/><\/div>\n<p class=\"oqey_p_comments\"><\/p><div class=\"oqeyincolumn\"><img class=\"lazy2\" src=\"http:\/\/www.ghoststorys.fi\/blog\/wp-content\/uploads\/2014\/12\/onse7.jpg\" title=\"\" style=\"max-width:100%;min-width:100%;height:auto;\"\/><\/div>\n<p class=\"oqey_p_comments\"><\/p><div class=\"oqeyincolumn\"><img class=\"lazy2\" src=\"http:\/\/www.ghoststorys.fi\/blog\/wp-content\/uploads\/2014\/12\/gstempera.jpg\" title=\"\" style=\"max-width:100%;min-width:100%;height:auto;\"\/><\/div>\n<p class=\"oqey_p_comments\"><\/p><div class=\"oqeyincolumn\"><img class=\"lazy2\" src=\"http:\/\/www.ghoststorys.fi\/blog\/wp-content\/uploads\/2014\/12\/gsbymyside2.jpg\" title=\"\" style=\"max-width:100%;min-width:100%;height:auto;\"\/><\/div>\n<p class=\"oqey_p_comments\"><\/p><div class=\"oqeyincolumn\"><img class=\"lazy2\" src=\"http:\/\/www.ghoststorys.fi\/blog\/wp-content\/uploads\/2014\/12\/gswisecracker5.jpg\" title=\"\" style=\"max-width:100%;min-width:100%;height:auto;\"\/><\/div>\n<p class=\"oqey_p_comments\"><\/p><div class=\"oqeyincolumn\"><img class=\"lazy2\" src=\"http:\/\/www.ghoststorys.fi\/blog\/wp-content\/uploads\/2014\/12\/gsbookaneer3.jpg\" title=\"\" style=\"max-width:100%;min-width:100%;height:auto;\"\/><\/div>\n<p class=\"oqey_p_comments\"><\/p><div class=\"oqeyincolumn\"><img class=\"lazy2\" src=\"http:\/\/www.ghoststorys.fi\/blog\/wp-content\/uploads\/2014\/12\/gsbrainpicker2.jpg\" title=\"\" style=\"max-width:100%;min-width:100%;height:auto;\"\/><\/div>\n<p class=\"oqey_p_comments\"><\/p><div class=\"oqeyincolumn\"><img class=\"lazy2\" src=\"http:\/\/www.ghoststorys.fi\/blog\/wp-content\/uploads\/2014\/12\/gseyesmaker2.jpg\" title=\"\" style=\"max-width:100%;min-width:100%;height:auto;\"\/><\/div>\n<p class=\"oqey_p_comments\"><\/p><div class=\"oqeyincolumn\"><img class=\"lazy2\" src=\"http:\/\/www.ghoststorys.fi\/blog\/wp-content\/uploads\/2014\/12\/gssunnyside4.jpg\" title=\"\" style=\"max-width:100%;min-width:100%;height:auto;\"\/><\/div>\n<p class=\"oqey_p_comments\"><\/p><div class=\"oqeyincolumn\"><img class=\"lazy2\" src=\"http:\/\/www.ghoststorys.fi\/blog\/wp-content\/uploads\/2014\/12\/gsbookaneer4.jpg\" title=\"\" style=\"max-width:100%;min-width:100%;height:auto;\"\/><\/div>\n<p class=\"oqey_p_comments\"><\/p><div class=\"oqeyincolumn\"><img class=\"lazy2\" src=\"http:\/\/www.ghoststorys.fi\/blog\/wp-content\/uploads\/2014\/12\/gsbrainpicker1.jpg\" title=\"\" style=\"max-width:100%;min-width:100%;height:auto;\"\/><\/div>\n<p class=\"oqey_p_comments\"><\/p><div class=\"oqeyincolumn\"><img class=\"lazy2\" src=\"http:\/\/www.ghoststorys.fi\/blog\/wp-content\/uploads\/2014\/12\/gsloudspeaker2.jpg\" title=\"\" style=\"max-width:100%;min-width:100%;height:auto;\"\/><\/div>\n<p class=\"oqey_p_comments\"><\/p><div class=\"oqeyincolumn\"><img class=\"lazy2\" src=\"http:\/\/www.ghoststorys.fi\/blog\/wp-content\/uploads\/2014\/12\/gswisecracker4.jpg\" title=\"\" style=\"max-width:100%;min-width:100%;height:auto;\"\/><\/div>\n<p class=\"oqey_p_comments\"><\/p><div class=\"oqeyincolumn\"><img class=\"lazy2\" src=\"http:\/\/www.ghoststorys.fi\/blog\/wp-content\/uploads\/2014\/12\/gsloudspeaker1.jpg\" title=\"\" style=\"max-width:100%;min-width:100%;height:auto;\"\/><\/div>\n<p class=\"oqey_p_comments\"><\/p><div class=\"oqeyincolumn\"><img class=\"lazy2\" src=\"http:\/\/www.ghoststorys.fi\/blog\/wp-content\/uploads\/2014\/12\/gsbrainpicker3.jpg\" title=\"\" style=\"max-width:100%;min-width:100%;height:auto;\"\/><\/div>\n<p class=\"oqey_p_comments\"><\/p><div class=\"oqeyincolumn\"><img class=\"lazy2\" src=\"http:\/\/www.ghoststorys.fi\/blog\/wp-content\/uploads\/2014\/12\/gsbymyside3.jpg\" title=\"\" style=\"max-width:100%;min-width:100%;height:auto;\"\/><\/div>\n<p class=\"oqey_p_comments\"><\/p><div class=\"oqeyincolumn\"><img class=\"lazy2\" src=\"http:\/\/www.ghoststorys.fi\/blog\/wp-content\/uploads\/2014\/12\/gspanthera4.jpg\" title=\"\" style=\"max-width:100%;min-width:100%;height:auto;\"\/><\/div>\n<p class=\"oqey_p_comments\"><\/p><div class=\"oqeyincolumn\"><img class=\"lazy2\" src=\"http:\/\/www.ghoststorys.fi\/blog\/wp-content\/uploads\/2014\/12\/onse4.jpg\" title=\"\" style=\"max-width:100%;min-width:100%;height:auto;\"\/><\/div>\n<p class=\"oqey_p_comments\"><\/p><div class=\"oqeyincolumn\"><img class=\"lazy2\" src=\"http:\/\/www.ghoststorys.fi\/blog\/wp-content\/uploads\/2014\/12\/gspanthera3.jpg\" title=\"\" style=\"max-width:100%;min-width:100%;height:auto;\"\/><\/div>\n<p class=\"oqey_p_comments\"><\/p><div class=\"oqeyincolumn\"><img class=\"lazy2\" src=\"http:\/\/www.ghoststorys.fi\/blog\/wp-content\/uploads\/2014\/12\/gsbymyside5.jpg\" title=\"\" style=\"max-width:100%;min-width:100%;height:auto;\"\/><\/div>\n<p class=\"oqey_p_comments\"><\/p><div class=\"oqeyincolumn\"><img class=\"lazy2\" src=\"http:\/\/www.ghoststorys.fi\/blog\/wp-content\/uploads\/2014\/12\/gssunnyside3.jpg\" title=\"\" style=\"max-width:100%;min-width:100%;height:auto;\"\/><\/div>\n<p class=\"oqey_p_comments\"><\/p><div class=\"oqeyincolumn\"><img class=\"lazy2\" src=\"http:\/\/www.ghoststorys.fi\/blog\/wp-content\/uploads\/2014\/12\/gscodetalker1.jpg\" title=\"\" style=\"max-width:100%;min-width:100%;height:auto;\"\/><\/div>\n<p class=\"oqey_p_comments\"><\/p><div class=\"oqeyincolumn\"><img class=\"lazy2\" src=\"http:\/\/www.ghoststorys.fi\/blog\/wp-content\/uploads\/2014\/12\/gseyesmaker5.jpg\" title=\"\" style=\"max-width:100%;min-width:100%;height:auto;\"\/><\/div>\n<p class=\"oqey_p_comments\"><\/p><div class=\"oqeyincolumn\"><img class=\"lazy2\" src=\"http:\/\/www.ghoststorys.fi\/blog\/wp-content\/uploads\/2014\/12\/gswisecracker3.jpg\" title=\"\" style=\"max-width:100%;min-width:100%;height:auto;\"\/><\/div>\n<p class=\"oqey_p_comments\"><\/p><div class=\"oqeyincolumn\"><img class=\"lazy2\" src=\"http:\/\/www.ghoststorys.fi\/blog\/wp-content\/uploads\/2014\/12\/gseyesmaker.jpg\" title=\"\" style=\"max-width:100%;min-width:100%;height:auto;\"\/><\/div>\n<p class=\"oqey_p_comments\"><\/p><div class=\"oqeyincolumn\"><img class=\"lazy2\" src=\"http:\/\/www.ghoststorys.fi\/blog\/wp-content\/uploads\/2014\/12\/gspanthera1.jpg\" title=\"\" style=\"max-width:100%;min-width:100%;height:auto;\"\/><\/div>\n<p class=\"oqey_p_comments\"><\/p><div class=\"oqeyincolumn\"><img class=\"lazy2\" src=\"http:\/\/www.ghoststorys.fi\/blog\/wp-content\/uploads\/2014\/12\/gseyesmaker4.jpg\" title=\"\" style=\"max-width:100%;min-width:100%;height:auto;\"\/><\/div>\n<p class=\"oqey_p_comments\"><\/p><div class=\"oqeyincolumn\"><img class=\"lazy2\" src=\"http:\/\/www.ghoststorys.fi\/blog\/wp-content\/uploads\/2014\/12\/gssunnyside5.jpg\" title=\"\" style=\"max-width:100%;min-width:100%;height:auto;\"\/><\/div>\n<p class=\"oqey_p_comments\"><\/p><div class=\"oqeyincolumn\"><img class=\"lazy2\" src=\"http:\/\/www.ghoststorys.fi\/blog\/wp-content\/uploads\/2014\/12\/onse5.jpg\" title=\"\" style=\"max-width:100%;min-width:100%;height:auto;\"\/><\/div>\n<p class=\"oqey_p_comments\"><\/p><div class=\"oqeyincolumn\"><img class=\"lazy2\" src=\"http:\/\/www.ghoststorys.fi\/blog\/wp-content\/uploads\/2014\/12\/gspanthera5.jpg\" title=\"\" style=\"max-width:100%;min-width:100%;height:auto;\"\/><\/div>\n<p class=\"oqey_p_comments\"><\/p><div class=\"oqeyincolumn\"><img class=\"lazy2\" src=\"http:\/\/www.ghoststorys.fi\/blog\/wp-content\/uploads\/2014\/12\/gscodetalker3.jpg\" title=\"\" style=\"max-width:100%;min-width:100%;height:auto;\"\/><\/div>\n<p class=\"oqey_p_comments\"><\/p><div class=\"oqeyincolumn\"><img class=\"lazy2\" src=\"http:\/\/www.ghoststorys.fi\/blog\/wp-content\/uploads\/2014\/12\/gstempera2.jpg\" title=\"\" style=\"max-width:100%;min-width:100%;height:auto;\"\/><\/div>\n<p class=\"oqey_p_comments\"><\/p><div class=\"oqeyincolumn\"><img class=\"lazy2\" src=\"http:\/\/www.ghoststorys.fi\/blog\/wp-content\/uploads\/2014\/12\/onse8.jpg\" title=\"\" style=\"max-width:100%;min-width:100%;height:auto;\"\/><\/div>\n<p class=\"oqey_p_comments\"><\/p><\/div><\/div>\n<\/div>\n<br \/>\n[toggles][toggle title=&#8221;J\u00e4lkel\u00e4iset&#8221;]Ghost Story&#8217;s Kerera-pentue synt. 11.2.2010. Is\u00e4 Juniperhill&#8217;s Bravo Amor.<br \/>\nblue merle narttu C.I.B EE CH EE LV JCH Ghost Story&#8217;s Dragonera: lonkat B\/B, kyyn\u00e4r\u00e4t 0\/0, silm\u00e4t terveet pentuna ja aikuisena, geenitestit CEA\/CEA, N\/DM.<br \/>\ntricolournarttu Ghost Story&#8217;s Panthera: lonkat A\/A, kyyn\u00e4r\u00e4t 0\/0, silm\u00e4t terveet pentuna.<br \/>\ntricolournarttu Ghost Story&#8217;s Tempera: lonkat B\/B, kyyn\u00e4r\u00e4t 0\/0, silm\u00e4t terveet pentuna ja aikuisena. 1 pentue, 5 pentua.<br \/>\ntricoloururos Ghost Story&#8217;s Brainpicker: lonkat A\/A, kyyn\u00e4r\u00e4t 0\/0, silm\u00e4t terveet pentuna ja aikuisena, geenitestit CEA\/CEA, N\/DM.<br \/>\nblue merle uros Ghost Story&#8217;s Codetalker: lonkat A\/A, kyyn\u00e4r\u00e4t 0\/0, silm\u00e4t terveet pentuna.<br \/>\nblue merle uros Ghost Story&#8217;s Eyesmaker: lonkat B\/B, kyyn\u00e4r\u00e4t 0\/0, silm\u00e4t terveet pentuna ja aikuisena, geenitesti CEA-kantaja.<br \/>\nblue merle uros Ghost Story&#8217;s Loudspeaker: lonkat A\/A, kyyn\u00e4r\u00e4t 0\/0, silm\u00e4t terveet pentuna.<br \/>\ntricoloururos BH Ghost Story&#8217;s Wisecracker: lonkat B\/C, kyyn\u00e4r\u00e4t 0\/0, silm\u00e4t terveet pentuna.<br \/>\nGhost Story&#8217;s Neerside-pentue synt. 3.11.2013. Is\u00e4 Ghost Story&#8217;s Rings a Bell.<br \/>\nblue merle narttu Ghost Story&#8217;s By My Side: crd pentuna. Geenitestit CEA\/CEA, N\/DM, MDR1 +\/-.<br \/>\ntricolournarttu Ghost Story&#8217;s Sunny Side: silm\u00e4t terveet pentuna. Geenitestit CEA-kantaja, DM-normaali, MDR1 -\/-.<br \/>\nblue merle uros Ghost Story&#8217;s Bookaneer: silm\u00e4t terveet pentuna. Geenitestit CEA\/CEA, N\/DM, MDR1 +\/-.[\/toggle][toggle title=&#8221;Offspring&#8221;]Ghost Story&#8217;s Kerera-litter dob. 11.2.2010. Sire Juniperhill&#8217;s Bravo Amor.<br \/>\nblue merle female C.I.B EE CH EE LV JCH Ghost Story&#8217;s Dragonera: hips B\/B, elbows 0\/0, CEA-clear as a puppy and adult, gene tests CEA\/CEA, N\/DM.<br \/>\ntricolour female Ghost Story&#8217;s Panthera: hips A\/A, elbows 0\/0, CEA-clear as a puppy.<br \/>\ntricolour female Ghost Story&#8217;s Tempera: hips B\/B, elbows 0\/0, CEA-clear as a puppy and adult. 1 litter, 5 puppies.<br \/>\ntricolour male Ghost Story&#8217;s Brainpicker: hips A\/A, elbows 0\/0, CEA-clear as a puppy and adult, gene tests CEA\/CEA, N\/DM.<br \/>\nblue merle male Ghost Story&#8217;s Codetalker: hips A\/A, elbows 0\/0, CEA-clear as a puppy.<br \/>\nblue merle male Ghost Story&#8217;s Eyesmaker: hips B\/B, elbows 0\/0, CEA-clear as a puppy and adult, gene test CEA-carrier.<br \/>\nblue merle male Ghost Story&#8217;s Loudspeaker: hips A\/A, elbows 0\/0, CEA-clear as a puppy.<br \/>\ntricolour male BH Ghost Story&#8217;s Wisecracker: hips B\/C, elbows 0\/0, CEA-clear as a puppy.<br \/>\nGhost Story&#8217;s Neerside-litter dob. 3.11.2013. Sire Ghost Story&#8217;s Rings a Bell.<br \/>\nblue merle female Ghost Story&#8217;s By My Side: crd as a puppy, gene tests CEA\/CEA, N\/DM, MDR1 +\/-.<br \/>\ntricolour female Ghost Story&#8217;s Sunny Side: CEA-clear as a puppy, gene tests CEA-carrier, DM-normal (non-carrier), MDR1 -\/-.<br \/>\nblue merle male Ghost Story&#8217;s Bookaneer: CEA-clear as a puppy, gene tests CEA\/CEA, N\/DM, MDR1 +\/-.[\/toggle][\/toggles][\/one_half]<\/p>\n","protected":false},"excerpt":{"rendered":"<p>[one_half last=&#8221;no&#8221;][\/one_half][one_half last=&#8221;yes&#8221;][toggles][toggle title=&#8221;Terveys ja luonne&#8221;]Terveet lonkat ja kyyn\u00e4r\u00e4t (A\/A, 0\/0) BLUP 106 (75 %) marraskuu 2014 Cea-vapaa (pentuna ja aikuisena) Geenitesti CEA-kantaja[\/toggle][toggle title=&#8221;Health &amp; temperament issues&#8221;]HD&amp;ED-clear (A\/A, 0\/0) BLUP 106 (75 %) November 2014 CEA-clear (6 weeks and adult) Gene test CEA carrier[\/toggle][\/toggles][\/one_half] [one_half last=&#8221;no&#8221;][toggles][toggle title=&#8221;N\u00e4yttely- ja koetulokset&#8221;]SERTit: Rakvere (EE) 4.4.2009 (Livija Zizevske) SERT <a href=\"https:\/\/www.ghoststorys.fi\/blog\/?page_id=339#more-'\" class=\"more-link\">Lis\u00e4\u00e4 \u00bb<\/a><\/p>\n","protected":false},"author":1,"featured_media":0,"parent":0,"menu_order":60,"comment_status":"closed","ping_status":"closed","template":"full-width-page.php","meta":[],"_links":{"self":[{"href":"https:\/\/www.ghoststorys.fi\/blog\/index.php?rest_route=\/wp\/v2\/pages\/339"}],"collection":[{"href":"https:\/\/www.ghoststorys.fi\/blog\/index.php?rest_route=\/wp\/v2\/pages"}],"about":[{"href":"https:\/\/www.ghoststorys.fi\/blog\/index.php?rest_route=\/wp\/v2\/types\/page"}],"author":[{"embeddable":true,"href":"https:\/\/www.ghoststorys.fi\/blog\/index.php?rest_route=\/wp\/v2\/users\/1"}],"replies":[{"embeddable":true,"href":"https:\/\/www.ghoststorys.fi\/blog\/index.php?rest_route=%2Fwp%2Fv2%2Fcomments&post=339"}],"version-history":[{"count":32,"href":"https:\/\/www.ghoststorys.fi\/blog\/index.php?rest_route=\/wp\/v2\/pages\/339\/revisions"}],"predecessor-version":[{"id":346,"href":"https:\/\/www.ghoststorys.fi\/blog\/index.php?rest_route=\/wp\/v2\/pages\/339\/revisions\/346"}],"wp:attachment":[{"href":"https:\/\/www.ghoststorys.fi\/blog\/index.php?rest_route=%2Fwp%2Fv2%2Fmedia&parent=339"}],"curies":[{"name":"wp","href":"https:\/\/api.w.org\/{rel}","templated":true}]}}