{"id":327,"date":"2011-03-13T03:30:15","date_gmt":"2011-03-13T01:30:15","guid":{"rendered":"http:\/\/www.ghoststorys.fi\/blog\/?page_id=327"},"modified":"2015-01-04T18:52:00","modified_gmt":"2015-01-04T16:52:00","slug":"shady-lady-of-netiv-haayit-tutti","status":"publish","type":"page","link":"https:\/\/www.ghoststorys.fi\/blog\/?page_id=327","title":{"rendered":"Shady Lady Of Netiv HaAyit"},"content":{"rendered":"<p>[one_half last=&#8221;no&#8221;]<script type=\"text\/javascript\">\nvar flashvars1 ={\nautoplay:\"false\",\nflashId:\"1\",\nFKey:\"4812248713ac662cab6b03f54608e25c9928a315affaa772eaa679c009014812248713ac\",\nGalleryPath:\"https:\/\/www.ghoststorys.fi\/blog\/wp-content\/plugins\/oqey-gallery\",\nGalleryID:\"13-327\",\nFirstRun:\"0\"\n};\nvar params1     = {bgcolor:\"#ffffff\", allowFullScreen:\"true\", wMode:\"transparent\"};\nvar attributes1 = {id: \"oqeygallery1\"};\nswfobject.embedSWF(\"https:\/\/www.ghoststorys.fi\/blog\/wp-content\/oqey_gallery\/skins\/oqeyapinsk\/oqeyapinsk.swf\", \"flash_gal_1\", \"100%\", \"350\", \"8.0.0\", \"\", flashvars1, params1, attributes1);\n<\/script>\n<div id=\"flash_gal_1\" style=\"margin: 0 auto;\">\n<div class=\"oqeyslider\" style=\"background:#ffffff;\"><div class=\"oqey-slideshow cycle-slideshow1\" ><div class=\"oqeyincolumn\"><img class=\"lazy1\" src=\"http:\/\/www.ghoststorys.fi\/blog\/wp-content\/uploads\/2014\/12\/tutti6.jpg\" title=\"\" style=\"max-width:100%;min-width:100%;height:auto;\"\/><\/div>\n<p class=\"oqey_p_comments\"><\/p><div class=\"oqeyincolumn\"><img class=\"lazy1\" src=\"http:\/\/www.ghoststorys.fi\/blog\/wp-content\/uploads\/2014\/12\/tutti5.jpg\" title=\"\" style=\"max-width:100%;min-width:100%;height:auto;\"\/><\/div>\n<p class=\"oqey_p_comments\"><\/p><div class=\"oqeyincolumn\"><img class=\"lazy1\" src=\"http:\/\/www.ghoststorys.fi\/blog\/wp-content\/uploads\/2014\/12\/tutti3.jpg\" title=\"\" style=\"max-width:100%;min-width:100%;height:auto;\"\/><\/div>\n<p class=\"oqey_p_comments\"><\/p><div class=\"oqeyincolumn\"><img class=\"lazy1\" src=\"http:\/\/www.ghoststorys.fi\/blog\/wp-content\/uploads\/2014\/12\/tutti4.jpg\" title=\"\" style=\"max-width:100%;min-width:100%;height:auto;\"\/><\/div>\n<p class=\"oqey_p_comments\"><\/p><div class=\"oqeyincolumn\"><img class=\"lazy1\" src=\"http:\/\/www.ghoststorys.fi\/blog\/wp-content\/uploads\/2014\/12\/tutti2.jpg\" title=\"\" style=\"max-width:100%;min-width:100%;height:auto;\"\/><\/div>\n<p class=\"oqey_p_comments\"><\/p><div class=\"oqeyincolumn\"><img class=\"lazy1\" src=\"http:\/\/www.ghoststorys.fi\/blog\/wp-content\/uploads\/2014\/12\/tutti1.jpg\" title=\"\" style=\"max-width:100%;min-width:100%;height:auto;\"\/><\/div>\n<p class=\"oqey_p_comments\"><\/p><\/div><\/div>\n<\/div>\n[\/one_half][one_half last=&#8221;yes&#8221;][toggles][toggle title=&#8221;Terveys ja luonne&#8221;]Terveet lonkat (A\/A)<br \/>\nBLUP 117 (69 %) marraskuu 2014<br \/>\nCea-vapaa (aikuisena)[\/toggle][toggle title=&#8221;Health &amp; temperament issues&#8221;]HD-clear (A\/A)<br \/>\nBLUP 117 (69 %) November 2014<br \/>\nCea-clear (adult)[\/toggle][\/toggles][\/one_half]<br \/>\n<table style=\"border: 1px solid #000000; border-collapse: collapse;\" border=\"1\" cellspacing=\"0\" cellpadding=\"0\" width=\"100%\">\r\n<tbody>\r\n<tr>\r\n<td class=\"male\" rowspan=\"4\" width=\"15%\">Ch. Don Juan Of Netiv HaAyit<\/td>\r\n<td class=\"male\" rowspan=\"2\" width=\"35%\">Shawn Of Netiv HaAyit<\/td>\r\n<td class=\"male\" width=\"50%\">Ch. Stargazer Of Netiv HaAyit<\/td>\r\n<\/tr>\r\n<tr>\r\n<td class=\"female\" width=\"50%\">Ch. Friby'n Indian Sunset<\/td>\r\n<\/tr>\r\n<tr>\r\n<td class=\"female\" rowspan=\"2\" width=\"35%\">Ch. Lakefield Love Of My Life<\/td>\r\n<td class=\"male\" width=\"50%\">Ch. Lakefield Lover Of Liable<\/td>\r\n<\/tr>\r\n<tr>\r\n<td class=\"female\" width=\"50%\">Lakefield Like A Dream<\/td>\r\n<\/tr>\r\n<tr>\r\n<td class=\"female\" rowspan=\"4\" width=\"15%\"><a href=\"http:\/\/www.ghoststorys.fi\/blog\/?page_id=269\">Ch. Storm Cloud Of Netiv HaAyit<\/a><\/td>\r\n<td class=\"male\" rowspan=\"2\" width=\"35%\">Ch. Lowerpark Maharajah<\/td>\r\n<td class=\"male\" width=\"50%\">Moorland Ice Bear<\/td>\r\n<\/tr>\r\n<tr>\r\n<td class=\"female\" width=\"50%\">Lowerpark Mantilla Lace<\/td>\r\n<\/tr>\r\n<tr>\r\n<td class=\"female\" rowspan=\"2\" width=\"35%\">Ch. Moonlight Shadow Of Netiv HaAyit<\/td>\r\n<td class=\"male\" width=\"50%\">Ch. Flyer Of Netiv HaAyit<\/td>\r\n<\/tr>\r\n<tr>\r\n<td class=\"female\" width=\"50%\">Ch. Friby'n Indian Sunset<\/td>\r\n<\/tr>\r\n<\/tbody>\r\n<\/table><br \/>\n[one_half last=&#8221;no&#8221;][toggles][toggle title=&#8221;N\u00e4yttely- ja koetulokset&#8221;]<strong>N\u00e4yttelyt<\/strong><br \/>\nHarjavalta (FI) 12.5.2007 (August de Wilde) ERI4<br \/>\nHelsinki (FI) 20.5.2006 (Margaret Everton) ERI3<br \/>\nPori (FI) 6.5.2006 (Marija Kavcic) ERI2[\/toggle][toggle title=&#8221;Show &amp; competition results&#8221;]<strong>Shows: <\/strong><br \/>\nHarjavalta (FI) 12.5.2007 (August de Wilde) 4EXC<br \/>\nHelsinki (FI) 20.5.2006 (Margaret Everton) 3EXC<br \/>\nPori (FI) 6.5.2006 (Marija Kavcic) 2EXC[\/toggle][\/toggles]<br \/>\n[button size=&#8221;small&#8221; link=&#8221;http:\/\/jalostus.kennelliitto.fi\/frmKoira.aspx?RekNo=FIN18596\/06&#038;R=156&#8243; target=&#8221;_blank&#8221;]KoiraNet (Finnish Kennel Club\u2019s database)[\/button][\/one_half][one_half last=&#8221;yes&#8221;]<script type=\"text\/javascript\">\nvar flashvars2 ={\nautoplay:\"false\",\nflashId:\"2\",\nFKey:\"4812248713ac662cab6b03f54608e25c9928a315affaa772eaa679c009014812248713ac\",\nGalleryPath:\"https:\/\/www.ghoststorys.fi\/blog\/wp-content\/plugins\/oqey-gallery\",\nGalleryID:\"14-327\",\nFirstRun:\"0\"\n};\nvar params2     = {bgcolor:\"#ffffff\", allowFullScreen:\"true\", wMode:\"transparent\"};\nvar attributes2 = {id: \"oqeygallery2\"};\nswfobject.embedSWF(\"https:\/\/www.ghoststorys.fi\/blog\/wp-content\/oqey_gallery\/skins\/oqeyapinsk\/oqeyapinsk.swf\", \"flash_gal_2\", \"100%\", \"350\", \"8.0.0\", \"\", flashvars2, params2, attributes2);\n<\/script>\n<div id=\"flash_gal_2\" style=\"margin: 0 auto;\">\n<div class=\"oqeyslider\" style=\"background:#ffffff;\"><div class=\"oqey-slideshow cycle-slideshow2\" ><div class=\"oqeyincolumn\"><img class=\"lazy2\" src=\"http:\/\/www.ghoststorys.fi\/blog\/wp-content\/uploads\/2014\/12\/fribyntorsten1.jpg\" title=\"\" style=\"max-width:100%;min-width:100%;height:auto;\"\/><\/div>\n<p class=\"oqey_p_comments\"><\/p><div class=\"oqeyincolumn\"><img class=\"lazy2\" src=\"http:\/\/www.ghoststorys.fi\/blog\/wp-content\/uploads\/2014\/12\/gsarmorica1.jpg\" title=\"\" style=\"max-width:100%;min-width:100%;height:auto;\"\/><\/div>\n<p class=\"oqey_p_comments\"><\/p><div class=\"oqeyincolumn\"><img class=\"lazy2\" src=\"http:\/\/www.ghoststorys.fi\/blog\/wp-content\/uploads\/2014\/12\/itu9.jpg\" title=\"\" style=\"max-width:100%;min-width:100%;height:auto;\"\/><\/div>\n<p class=\"oqey_p_comments\"><\/p><div class=\"oqeyincolumn\"><img class=\"lazy2\" src=\"http:\/\/www.ghoststorys.fi\/blog\/wp-content\/uploads\/2014\/12\/gsantarctica2.jpg\" title=\"\" style=\"max-width:100%;min-width:100%;height:auto;\"\/><\/div>\n<p class=\"oqey_p_comments\"><\/p><div class=\"oqeyincolumn\"><img class=\"lazy2\" src=\"http:\/\/www.ghoststorys.fi\/blog\/wp-content\/uploads\/2014\/12\/gsharmonica1.jpg\" title=\"\" style=\"max-width:100%;min-width:100%;height:auto;\"\/><\/div>\n<p class=\"oqey_p_comments\"><\/p><div class=\"oqeyincolumn\"><img class=\"lazy2\" src=\"http:\/\/www.ghoststorys.fi\/blog\/wp-content\/uploads\/2014\/12\/gsstuntman.jpg\" title=\"\" style=\"max-width:100%;min-width:100%;height:auto;\"\/><\/div>\n<p class=\"oqey_p_comments\"><\/p><div class=\"oqeyincolumn\"><img class=\"lazy2\" src=\"http:\/\/www.ghoststorys.fi\/blog\/wp-content\/uploads\/2014\/12\/gsspokesman1.jpg\" title=\"\" style=\"max-width:100%;min-width:100%;height:auto;\"\/><\/div>\n<p class=\"oqey_p_comments\"><\/p><div class=\"oqeyincolumn\"><img class=\"lazy2\" src=\"http:\/\/www.ghoststorys.fi\/blog\/wp-content\/uploads\/2014\/12\/itu2.jpg\" title=\"\" style=\"max-width:100%;min-width:100%;height:auto;\"\/><\/div>\n<p class=\"oqey_p_comments\"><\/p><div class=\"oqeyincolumn\"><img class=\"lazy2\" src=\"http:\/\/www.ghoststorys.fi\/blog\/wp-content\/uploads\/2014\/12\/gsspokesman3.jpg\" title=\"\" style=\"max-width:100%;min-width:100%;height:auto;\"\/><\/div>\n<p class=\"oqey_p_comments\"><\/p><div class=\"oqeyincolumn\"><img class=\"lazy2\" src=\"http:\/\/www.ghoststorys.fi\/blog\/wp-content\/uploads\/2014\/12\/gsantarctica4.jpg\" title=\"\" style=\"max-width:100%;min-width:100%;height:auto;\"\/><\/div>\n<p class=\"oqey_p_comments\"><\/p><div class=\"oqeyincolumn\"><img class=\"lazy2\" src=\"http:\/\/www.ghoststorys.fi\/blog\/wp-content\/uploads\/2014\/12\/gssuperman2.jpg\" title=\"\" style=\"max-width:100%;min-width:100%;height:auto;\"\/><\/div>\n<p class=\"oqey_p_comments\"><\/p><div class=\"oqeyincolumn\"><img class=\"lazy2\" src=\"http:\/\/www.ghoststorys.fi\/blog\/wp-content\/uploads\/2014\/12\/fribyntorsten2.jpg\" title=\"\" style=\"max-width:100%;min-width:100%;height:auto;\"\/><\/div>\n<p class=\"oqey_p_comments\"><\/p><div class=\"oqeyincolumn\"><img class=\"lazy2\" src=\"http:\/\/www.ghoststorys.fi\/blog\/wp-content\/uploads\/2014\/12\/gstheorica1.jpg\" title=\"\" style=\"max-width:100%;min-width:100%;height:auto;\"\/><\/div>\n<p class=\"oqey_p_comments\"><\/p><div class=\"oqeyincolumn\"><img class=\"lazy2\" src=\"http:\/\/www.ghoststorys.fi\/blog\/wp-content\/uploads\/2014\/12\/gsstuntman2.jpg\" title=\"\" style=\"max-width:100%;min-width:100%;height:auto;\"\/><\/div>\n<p class=\"oqey_p_comments\"><\/p><div class=\"oqeyincolumn\"><img class=\"lazy2\" src=\"http:\/\/www.ghoststorys.fi\/blog\/wp-content\/uploads\/2014\/12\/gsstyronica2.jpg\" title=\"\" style=\"max-width:100%;min-width:100%;height:auto;\"\/><\/div>\n<p class=\"oqey_p_comments\"><\/p><div class=\"oqeyincolumn\"><img class=\"lazy2\" src=\"http:\/\/www.ghoststorys.fi\/blog\/wp-content\/uploads\/2014\/12\/itu1.jpg\" title=\"\" style=\"max-width:100%;min-width:100%;height:auto;\"\/><\/div>\n<p class=\"oqey_p_comments\"><\/p><div class=\"oqeyincolumn\"><img class=\"lazy2\" src=\"http:\/\/www.ghoststorys.fi\/blog\/wp-content\/uploads\/2014\/12\/gssuperman1.jpg\" title=\"\" style=\"max-width:100%;min-width:100%;height:auto;\"\/><\/div>\n<p class=\"oqey_p_comments\"><\/p><div class=\"oqeyincolumn\"><img class=\"lazy2\" src=\"http:\/\/www.ghoststorys.fi\/blog\/wp-content\/uploads\/2014\/12\/gsstuntman4.jpg\" title=\"\" style=\"max-width:100%;min-width:100%;height:auto;\"\/><\/div>\n<p class=\"oqey_p_comments\"><\/p><div class=\"oqeyincolumn\"><img class=\"lazy2\" src=\"http:\/\/www.ghoststorys.fi\/blog\/wp-content\/uploads\/2014\/12\/gssuperman3.jpg\" title=\"\" style=\"max-width:100%;min-width:100%;height:auto;\"\/><\/div>\n<p class=\"oqey_p_comments\"><\/p><div class=\"oqeyincolumn\"><img class=\"lazy2\" src=\"http:\/\/www.ghoststorys.fi\/blog\/wp-content\/uploads\/2014\/12\/gsantarctica3.jpg\" title=\"\" style=\"max-width:100%;min-width:100%;height:auto;\"\/><\/div>\n<p class=\"oqey_p_comments\"><\/p><div class=\"oqeyincolumn\"><img class=\"lazy2\" src=\"http:\/\/www.ghoststorys.fi\/blog\/wp-content\/uploads\/2014\/12\/gstheorica3.jpg\" title=\"\" style=\"max-width:100%;min-width:100%;height:auto;\"\/><\/div>\n<p class=\"oqey_p_comments\"><\/p><div class=\"oqeyincolumn\"><img class=\"lazy2\" src=\"http:\/\/www.ghoststorys.fi\/blog\/wp-content\/uploads\/2014\/12\/fribyntorsten3.jpg\" title=\"\" style=\"max-width:100%;min-width:100%;height:auto;\"\/><\/div>\n<p class=\"oqey_p_comments\"><\/p><div class=\"oqeyincolumn\"><img class=\"lazy2\" src=\"http:\/\/www.ghoststorys.fi\/blog\/wp-content\/uploads\/2014\/12\/gstyronica5.jpg\" title=\"\" style=\"max-width:100%;min-width:100%;height:auto;\"\/><\/div>\n<p class=\"oqey_p_comments\"><\/p><div class=\"oqeyincolumn\"><img class=\"lazy2\" src=\"http:\/\/www.ghoststorys.fi\/blog\/wp-content\/uploads\/2014\/12\/gsstuntman3.jpg\" title=\"\" style=\"max-width:100%;min-width:100%;height:auto;\"\/><\/div>\n<p class=\"oqey_p_comments\"><\/p><div class=\"oqeyincolumn\"><img class=\"lazy2\" src=\"http:\/\/www.ghoststorys.fi\/blog\/wp-content\/uploads\/2014\/12\/gstyronica1.jpg\" title=\"\" style=\"max-width:100%;min-width:100%;height:auto;\"\/><\/div>\n<p class=\"oqey_p_comments\"><\/p><div class=\"oqeyincolumn\"><img class=\"lazy2\" src=\"http:\/\/www.ghoststorys.fi\/blog\/wp-content\/uploads\/2014\/12\/itu7.jpg\" title=\"\" style=\"max-width:100%;min-width:100%;height:auto;\"\/><\/div>\n<p class=\"oqey_p_comments\"><\/p><div class=\"oqeyincolumn\"><img class=\"lazy2\" src=\"http:\/\/www.ghoststorys.fi\/blog\/wp-content\/uploads\/2014\/12\/gstyronica4.jpg\" title=\"\" style=\"max-width:100%;min-width:100%;height:auto;\"\/><\/div>\n<p class=\"oqey_p_comments\"><\/p><div class=\"oqeyincolumn\"><img class=\"lazy2\" src=\"http:\/\/www.ghoststorys.fi\/blog\/wp-content\/uploads\/2014\/12\/gstheorica2.jpg\" title=\"\" style=\"max-width:100%;min-width:100%;height:auto;\"\/><\/div>\n<p class=\"oqey_p_comments\"><\/p><div class=\"oqeyincolumn\"><img class=\"lazy2\" src=\"http:\/\/www.ghoststorys.fi\/blog\/wp-content\/uploads\/2014\/12\/itu6.jpg\" title=\"\" style=\"max-width:100%;min-width:100%;height:auto;\"\/><\/div>\n<p class=\"oqey_p_comments\"><\/p><div class=\"oqeyincolumn\"><img class=\"lazy2\" src=\"http:\/\/www.ghoststorys.fi\/blog\/wp-content\/uploads\/2014\/12\/gsharmonica2.jpg\" title=\"\" style=\"max-width:100%;min-width:100%;height:auto;\"\/><\/div>\n<p class=\"oqey_p_comments\"><\/p><div class=\"oqeyincolumn\"><img class=\"lazy2\" src=\"http:\/\/www.ghoststorys.fi\/blog\/wp-content\/uploads\/2014\/12\/gsstuntman5.jpg\" title=\"\" style=\"max-width:100%;min-width:100%;height:auto;\"\/><\/div>\n<p class=\"oqey_p_comments\"><\/p><div class=\"oqeyincolumn\"><img class=\"lazy2\" src=\"http:\/\/www.ghoststorys.fi\/blog\/wp-content\/uploads\/2014\/12\/gsspokesman2.jpg\" title=\"\" style=\"max-width:100%;min-width:100%;height:auto;\"\/><\/div>\n<p class=\"oqey_p_comments\"><\/p><div class=\"oqeyincolumn\"><img class=\"lazy2\" src=\"http:\/\/www.ghoststorys.fi\/blog\/wp-content\/uploads\/2014\/12\/gstyronica3.jpg\" title=\"\" style=\"max-width:100%;min-width:100%;height:auto;\"\/><\/div>\n<p class=\"oqey_p_comments\"><\/p><\/div><\/div>\n<\/div>\n<br \/>\n[toggles][toggle title=&#8221;J\u00e4lkel\u00e4iset&#8221;]Friby&#8217;n pentue synt. 24.7.2006. Is\u00e4 Juniperhill&#8217;s Bandolero.<br \/>\ntricolournarttu Friby&#8217;n Tackaralla: crd pentuna.<br \/>\nblue merle narttu Friby&#8217;n Tatziki: crd pentuna.<br \/>\nblue merle narttu Friby&#8217;n Tiramisu: lonkat A\/A, kyyn\u00e4r\u00e4t 0\/0, crd pentuna, terve aikuisena. 1 pentue, 7 pentua.<br \/>\ntricoloururos Friby&#8217;n Tor Einar: coloboma pentuna.<br \/>\nblue merle uros TK1 BH Friby&#8217;n Torsten: crd pentuna.<br \/>\nGhost Story&#8217;s Manica-pentue synt. 17.6.2008. Is\u00e4 Ch. Xtremely Blue Carnoustie from Fantazija.<br \/>\nblue merle narttu Ghost Story&#8217;s Antarctica: lonkat A\/A, kyyn\u00e4r\u00e4t 0\/0, coloboma pentuna, crd aikuisena.<br \/>\ntricolournarttu Ghost Story&#8217;s Armorica: lonkat A\/A, kyyn\u00e4r\u00e4t 0\/0, crd pentuna ja aikuisena.<br \/>\ntricolournarttu Ghost Story&#8217;s Harmonica: lonkat A\/A, kyyn\u00e4r\u00e4t 0\/0, crd pentuna ja aikuisena, kortikaalinen katarakta: ep\u00e4ilytt\u00e4v\u00e4.<br \/>\nblue merle narttu LV JCH BH Ghost Story&#8217;s Ironica: lonkat A\/A, kyyn\u00e4r\u00e4t 0\/0, crd pentuna ja aikuisena. Geenitestattu DM\/DM. 1 pentue, 6 pentua.<br \/>\ntricolournarttu Ghost Story&#8217;s Theorica: crd pentuna.<br \/>\ntricolournarttu Ghost Story&#8217;s Tyronica: lonkat A\/A, kyyn\u00e4r\u00e4t 0\/0, crd pentuna ja aikuisena. 2 pentuetta, 11 pentua.<br \/>\ntricoloururos Ghost Story&#8217;s Spokesman: lonkat A\/A, kyyn\u00e4r\u00e4t 0\/0, crd pentuna, terve aikuisena.<br \/>\nblue merle uros JK1 TK2 BH Ghost Story&#8217;s Stuntman: lonkat A\/A, kyyn\u00e4r\u00e4t 0\/0, coloboma pentuna ja aikuisena.<br \/>\ntricoloururos Ghost Story&#8217;s Superman: lonkat A\/A, kyyn\u00e4r\u00e4t 0\/0, coloboma pentuna ja aikuisena.[\/toggle][toggle title=&#8221;Offspring&#8221;]Friby&#8217;n litter dob. 24.7.2006. Sire Juniperhill&#8217;s Bandolero.<br \/>\ntricolour female Friby&#8217;n Tackaralla: crd as a puppy.<br \/>\nblue merle female Friby&#8217;n Tatziki: crd as a puppy.<br \/>\nblue merle female Friby&#8217;n Tiramisu: hips A\/A, elbows 0\/0, crd as a puppy, clear as adult. 1 litter, 7 puppies.<br \/>\ntricolour male Friby&#8217;n Tor Einar: coloboma as a puppy.<br \/>\nblue merle male TK1 BH Friby&#8217;n Torsten: crd as a puppy.<br \/>\nGhost Story&#8217;s Manica-litter dob. 17.6.2008. Sire Ch. Xtremely Blue Carnoustie from Fantazija.<br \/>\nblue merle female Ghost Story&#8217;s Antarctica: hips A\/A, elbows 0\/0, coloboma as a puppy, crd as adult.<br \/>\ntricolour female Ghost Story&#8217;s Armorica: hips A\/A, elbows 0\/0, crd as a puppy and adult.<br \/>\ntricolour female Ghost Story&#8217;s Harmonica: hips A\/A, elbows 0\/0, crd as a puppy and adult, corticalis cataracta suspectus.<br \/>\nblue merle female LV JCH BH Ghost Story&#8217;s Ironica: hips A\/A, elbows 0\/0, crd as a puppy and adult, gene test DM\/DM. 1 litter, 6 puppies.<br \/>\ntricolour female Ghost Story&#8217;s Theorica: crd as a puppy.<br \/>\ntricolour female Ghost Story&#8217;s Tyronica: hips A\/A, elbows 0\/0, crd as a puppy and adult. 2 litters, 11 puppies.<br \/>\ntricolour male Ghost Story&#8217;s Spokesman: hips A\/A, elbows 0\/0, crd as a puppy, clear as adult.<br \/>\nblue merle male JK1 TK2 BH Ghost Story&#8217;s Stuntman: hips A\/A, elbows 0\/0, coloboma as a puppy and adult.<br \/>\ntricolour male Ghost Story&#8217;s Superman: hips A\/A, elbows 0\/0, coloboma as a puppy and adult.[\/toggle][\/toggles][\/one_half]<\/p>\n","protected":false},"excerpt":{"rendered":"<p>[one_half last=&#8221;no&#8221;][\/one_half][one_half last=&#8221;yes&#8221;][toggles][toggle title=&#8221;Terveys ja luonne&#8221;]Terveet lonkat (A\/A) BLUP 117 (69 %) marraskuu 2014 Cea-vapaa (aikuisena)[\/toggle][toggle title=&#8221;Health &amp; temperament issues&#8221;]HD-clear (A\/A) BLUP 117 (69 %) November 2014 Cea-clear (adult)[\/toggle][\/toggles][\/one_half] [one_half last=&#8221;no&#8221;][toggles][toggle title=&#8221;N\u00e4yttely- ja koetulokset&#8221;]N\u00e4yttelyt Harjavalta (FI) 12.5.2007 (August de Wilde) ERI4 Helsinki (FI) 20.5.2006 (Margaret Everton) ERI3 Pori (FI) 6.5.2006 (Marija Kavcic) ERI2[\/toggle][toggle title=&#8221;Show &amp; <a href=\"https:\/\/www.ghoststorys.fi\/blog\/?page_id=327#more-'\" class=\"more-link\">Lis\u00e4\u00e4 \u00bb<\/a><\/p>\n","protected":false},"author":1,"featured_media":0,"parent":0,"menu_order":30,"comment_status":"closed","ping_status":"closed","template":"full-width-page.php","meta":[],"_links":{"self":[{"href":"https:\/\/www.ghoststorys.fi\/blog\/index.php?rest_route=\/wp\/v2\/pages\/327"}],"collection":[{"href":"https:\/\/www.ghoststorys.fi\/blog\/index.php?rest_route=\/wp\/v2\/pages"}],"about":[{"href":"https:\/\/www.ghoststorys.fi\/blog\/index.php?rest_route=\/wp\/v2\/types\/page"}],"author":[{"embeddable":true,"href":"https:\/\/www.ghoststorys.fi\/blog\/index.php?rest_route=\/wp\/v2\/users\/1"}],"replies":[{"embeddable":true,"href":"https:\/\/www.ghoststorys.fi\/blog\/index.php?rest_route=%2Fwp%2Fv2%2Fcomments&post=327"}],"version-history":[{"count":28,"href":"https:\/\/www.ghoststorys.fi\/blog\/index.php?rest_route=\/wp\/v2\/pages\/327\/revisions"}],"predecessor-version":[{"id":3574,"href":"https:\/\/www.ghoststorys.fi\/blog\/index.php?rest_route=\/wp\/v2\/pages\/327\/revisions\/3574"}],"wp:attachment":[{"href":"https:\/\/www.ghoststorys.fi\/blog\/index.php?rest_route=%2Fwp%2Fv2%2Fmedia&parent=327"}],"curies":[{"name":"wp","href":"https:\/\/api.w.org\/{rel}","templated":true}]}}