{"id":269,"date":"2011-03-12T20:51:27","date_gmt":"2011-03-12T18:51:27","guid":{"rendered":"http:\/\/www.ghoststorys.fi\/blog\/?page_id=269"},"modified":"2019-01-03T16:27:43","modified_gmt":"2019-01-03T14:27:43","slug":"lulie","status":"publish","type":"page","link":"https:\/\/www.ghoststorys.fi\/blog\/?page_id=269","title":{"rendered":"C.I.B IL EE FI CH Storm Cloud Of Netiv HaAyit"},"content":{"rendered":"<p>[one_half last=&#8221;no&#8221;]<script type=\"text\/javascript\">\nvar flashvars1 ={\nautoplay:\"false\",\nflashId:\"1\",\nFKey:\"4812248713ac662cab6b03f54608e25c9928a315affaa772eaa679c009014812248713ac\",\nGalleryPath:\"https:\/\/www.ghoststorys.fi\/blog\/wp-content\/plugins\/oqey-gallery\",\nGalleryID:\"27-269\",\nFirstRun:\"0\"\n};\nvar params1     = {bgcolor:\"#ffffff\", allowFullScreen:\"true\", wMode:\"transparent\"};\nvar attributes1 = {id: \"oqeygallery1\"};\nswfobject.embedSWF(\"https:\/\/www.ghoststorys.fi\/blog\/wp-content\/oqey_gallery\/skins\/oqeyapinsk\/oqeyapinsk.swf\", \"flash_gal_1\", \"100%\", \"350\", \"8.0.0\", \"\", flashvars1, params1, attributes1);\n<\/script>\n<div id=\"flash_gal_1\" style=\"margin: 0 auto;\">\n<div class=\"oqeyslider\" style=\"background:#ffffff;\"><div class=\"oqey-slideshow cycle-slideshow1\" ><div class=\"oqeyincolumn\"><img class=\"lazy1\" src=\"http:\/\/www.ghoststorys.fi\/blog\/wp-content\/uploads\/2014\/12\/lulie1.jpg\" title=\"\" style=\"max-width:100%;min-width:100%;height:auto;\"\/><\/div>\n<p class=\"oqey_p_comments\"><\/p><div class=\"oqeyincolumn\"><img class=\"lazy1\" src=\"http:\/\/www.ghoststorys.fi\/blog\/wp-content\/uploads\/2014\/12\/lulie4.jpg\" title=\"\" style=\"max-width:100%;min-width:100%;height:auto;\"\/><\/div>\n<p class=\"oqey_p_comments\"><\/p><div class=\"oqeyincolumn\"><img class=\"lazy1\" src=\"http:\/\/www.ghoststorys.fi\/blog\/wp-content\/uploads\/2014\/12\/lulie3.jpg\" title=\"\" style=\"max-width:100%;min-width:100%;height:auto;\"\/><\/div>\n<p class=\"oqey_p_comments\"><\/p><div class=\"oqeyincolumn\"><img class=\"lazy1\" src=\"http:\/\/www.ghoststorys.fi\/blog\/wp-content\/uploads\/2014\/12\/lulie2.jpg\" title=\"\" style=\"max-width:100%;min-width:100%;height:auto;\"\/><\/div>\n<p class=\"oqey_p_comments\"><\/p><div class=\"oqeyincolumn\"><img class=\"lazy1\" src=\"http:\/\/www.ghoststorys.fi\/blog\/wp-content\/uploads\/2015\/01\/lulie5.jpg\" title=\"\" style=\"max-width:100%;min-width:100%;height:auto;\"\/><\/div>\n<p class=\"oqey_p_comments\"><\/p><div class=\"oqeyincolumn\"><img class=\"lazy1\" src=\"http:\/\/www.ghoststorys.fi\/blog\/wp-content\/uploads\/2015\/01\/lulie6.jpg\" title=\"\" style=\"max-width:100%;min-width:100%;height:auto;\"\/><\/div>\n<p class=\"oqey_p_comments\"><\/p><\/div><\/div>\n<\/div>\n[\/one_half][one_half last=&#8221;yes&#8221;]<\/p>\n<h3>#2 Veteran Collie Bitch in Finland 2010<\/h3>\n<p>[toggles][toggle title=&#8221;Terveys ja luonne&#8221;]Terveet lonkat (A, Israel)<br \/>\nTerveet silm\u00e4t (Israel)<br \/>\nKuolinsyy: Eutanasia useampien pienempien vaivojen vuoksi 12-vuotiaana[\/toggle][toggle title=&#8221;Health &amp; temperament issues&#8221;]HD-clear (A, Israel)<br \/>\nCEA-clear (Israel)<br \/>\nCause of death: Euthanasy because of several little problems irritating her everyday life at the age of 12[\/toggle][\/toggles][\/one_half]<br \/>\n<table style=\"border: 1px solid #000000; border-collapse: collapse;\" border=\"1\" cellspacing=\"0\" cellpadding=\"0\" width=\"100%\">\r\n<tbody>\r\n<tr>\r\n<td class=\"male\" rowspan=\"4\" width=\"15%\">Ch. Lowerpark Maharajah<\/td>\r\n<td class=\"male\" rowspan=\"2\" width=\"35%\">Moorland Ice Bear<\/td>\r\n<td class=\"male\" width=\"50%\">Karava's Krugerman<\/td>\r\n<\/tr>\r\n<tr>\r\n<td class=\"female\" width=\"50%\">Moorland Joyful<\/td>\r\n<\/tr>\r\n<tr>\r\n<td class=\"female\" rowspan=\"2\" width=\"35%\">Lowerpark Mantilla Lace<\/td>\r\n<td class=\"male\" width=\"50%\">Ch. Corydon Tuck's Tiger<\/td>\r\n<\/tr>\r\n<tr>\r\n<td class=\"female\" width=\"50%\">Lowerpark Speckleberry<\/td>\r\n<\/tr>\r\n<tr>\r\n<td class=\"female\" rowspan=\"4\" width=\"15%\">Ch. Moonlight Shadow Of Netiv HaAyit<\/td>\r\n<td class=\"male\" rowspan=\"2\" width=\"35%\">Ch. Flyer Of Netiv HaAyit<\/td>\r\n<td class=\"male\" width=\"50%\">Ch. Nea Konia's Black Running Mate<\/td>\r\n<\/tr>\r\n<tr>\r\n<td class=\"female\" width=\"50%\">Ch. Aflame of Netiv HaAyit<\/td>\r\n<\/tr>\r\n<tr>\r\n<td class=\"female\" rowspan=\"2\" width=\"35%\">Ch. Friby'n Indian Sunset<\/td>\r\n<td class=\"male\" width=\"50%\">Markhill's Midnightlove<\/td>\r\n<\/tr>\r\n<tr>\r\n<td class=\"female\" width=\"50%\">Ch. JK1 Riffendahl Yverette Loozie<\/td>\r\n<\/tr>\r\n<\/tbody>\r\n<\/table><br \/>\n[one_half last=&#8221;no&#8221;][toggles][toggle title=&#8221;N\u00e4yttely- ja koetulokset&#8221;]<strong>N\u00e4yttelyt: <\/strong><br \/>\nLulie oli C.I.B ja IL CH ennen saapumistaan Suomeen vuonna 2007<br \/>\nPori int (FI) 28.7.2007 (Lykourgos Zouloulidis) PN3 SERT<br \/>\nR\u00e4pina (EE) 14.7.2008 (Petr Rehanek) SERT VSP -&gt; EE CH<br \/>\nPori (FI) 8.5.2010 (Valentina Ivanisheva) PN2 ROP-vet<br \/>\nMyn\u00e4m\u00e4ki (FI) 15.5.2010 (Natalja Skalin) VSP ROP-vet[\/toggle][toggle title=&#8221;Show &amp; competition results&#8221;]<strong>Shows: <\/strong><br \/>\nLulie was C.I.B and IL CH before arriving to Finland 2007<br \/>\nPori int (FI) 28.7.2007 (Lykourgos Zouloulidis) BB3 CC<br \/>\nR\u00e4pina (EE) 14.7.2008 (Petr Rehanek) CC BOS -&gt; EE CH<br \/>\nPori (FI) 8.5.2010 (Valentina Ivanisheva) BB2 BOB-vet<br \/>\nMyn\u00e4m\u00e4ki (FI) 15.5.2010 (Natalja Skalin) BOS BOB-vet[\/toggle][\/toggles]<br \/>\n[button size=&#8221;small&#8221; link=&#8221;http:\/\/jalostus.kennelliitto.fi\/frmKoira.aspx?RekNo=ISBR85498&amp;R=156&#8243; target=&#8221;_blank&#8221;]KoiraNet (Finnish Kennel Club\u2019s database)[\/button][\/one_half][one_half last=&#8221;yes&#8221;]<script type=\"text\/javascript\">\nvar flashvars2 ={\nautoplay:\"false\",\nflashId:\"2\",\nFKey:\"4812248713ac662cab6b03f54608e25c9928a315affaa772eaa679c009014812248713ac\",\nGalleryPath:\"https:\/\/www.ghoststorys.fi\/blog\/wp-content\/plugins\/oqey-gallery\",\nGalleryID:\"28-269\",\nFirstRun:\"0\"\n};\nvar params2     = {bgcolor:\"#ffffff\", allowFullScreen:\"true\", wMode:\"transparent\"};\nvar attributes2 = {id: \"oqeygallery2\"};\nswfobject.embedSWF(\"https:\/\/www.ghoststorys.fi\/blog\/wp-content\/oqey_gallery\/skins\/oqeyapinsk\/oqeyapinsk.swf\", \"flash_gal_2\", \"100%\", \"350\", \"8.0.0\", \"\", flashvars2, params2, attributes2);\n<\/script>\n<div id=\"flash_gal_2\" style=\"margin: 0 auto;\">\n<div class=\"oqeyslider\" style=\"background:#ffffff;\"><div class=\"oqey-slideshow cycle-slideshow2\" ><div class=\"oqeyincolumn\"><img class=\"lazy2\" src=\"http:\/\/www.ghoststorys.fi\/blog\/wp-content\/uploads\/2014\/12\/tutti6.jpg\" title=\"\" style=\"max-width:100%;min-width:100%;height:auto;\"\/><\/div>\n<p class=\"oqey_p_comments\"><\/p><div class=\"oqeyincolumn\"><img class=\"lazy2\" src=\"http:\/\/www.ghoststorys.fi\/blog\/wp-content\/uploads\/2014\/12\/joy8.jpg\" title=\"\" style=\"max-width:100%;min-width:100%;height:auto;\"\/><\/div>\n<p class=\"oqey_p_comments\"><\/p><div class=\"oqeyincolumn\"><img class=\"lazy2\" src=\"http:\/\/www.ghoststorys.fi\/blog\/wp-content\/uploads\/2015\/01\/silverliningofnetivhaayit.jpg\" title=\"\" style=\"max-width:100%;min-width:100%;height:auto;\"\/><\/div>\n<p class=\"oqey_p_comments\"><\/p><div class=\"oqeyincolumn\"><img class=\"lazy2\" src=\"http:\/\/www.ghoststorys.fi\/blog\/wp-content\/uploads\/2014\/12\/joy5.jpg\" title=\"\" style=\"max-width:100%;min-width:100%;height:auto;\"\/><\/div>\n<p class=\"oqey_p_comments\"><\/p><div class=\"oqeyincolumn\"><img class=\"lazy2\" src=\"http:\/\/www.ghoststorys.fi\/blog\/wp-content\/uploads\/2014\/12\/tutti4.jpg\" title=\"\" style=\"max-width:100%;min-width:100%;height:auto;\"\/><\/div>\n<p class=\"oqey_p_comments\"><\/p><div class=\"oqeyincolumn\"><img class=\"lazy2\" src=\"http:\/\/www.ghoststorys.fi\/blog\/wp-content\/uploads\/2015\/01\/silverliningofnetivhaayit3.jpg\" title=\"\" style=\"max-width:100%;min-width:100%;height:auto;\"\/><\/div>\n<p class=\"oqey_p_comments\"><\/p><div class=\"oqeyincolumn\"><img class=\"lazy2\" src=\"http:\/\/www.ghoststorys.fi\/blog\/wp-content\/uploads\/2014\/12\/joy2.jpg\" title=\"\" style=\"max-width:100%;min-width:100%;height:auto;\"\/><\/div>\n<p class=\"oqey_p_comments\"><\/p><div class=\"oqeyincolumn\"><img class=\"lazy2\" src=\"http:\/\/www.ghoststorys.fi\/blog\/wp-content\/uploads\/2014\/12\/tutti5.jpg\" title=\"\" style=\"max-width:100%;min-width:100%;height:auto;\"\/><\/div>\n<p class=\"oqey_p_comments\"><\/p><div class=\"oqeyincolumn\"><img class=\"lazy2\" src=\"http:\/\/www.ghoststorys.fi\/blog\/wp-content\/uploads\/2015\/01\/jessieofnetivhaayit.jpg\" title=\"\" style=\"max-width:100%;min-width:100%;height:auto;\"\/><\/div>\n<p class=\"oqey_p_comments\"><\/p><div class=\"oqeyincolumn\"><img class=\"lazy2\" src=\"http:\/\/www.ghoststorys.fi\/blog\/wp-content\/uploads\/2014\/12\/tutti3.jpg\" title=\"\" style=\"max-width:100%;min-width:100%;height:auto;\"\/><\/div>\n<p class=\"oqey_p_comments\"><\/p><div class=\"oqeyincolumn\"><img class=\"lazy2\" src=\"http:\/\/www.ghoststorys.fi\/blog\/wp-content\/uploads\/2014\/12\/joy1.jpg\" title=\"\" style=\"max-width:100%;min-width:100%;height:auto;\"\/><\/div>\n<p class=\"oqey_p_comments\"><\/p><div class=\"oqeyincolumn\"><img class=\"lazy2\" src=\"http:\/\/www.ghoststorys.fi\/blog\/wp-content\/uploads\/2014\/12\/joy6.jpg\" title=\"\" style=\"max-width:100%;min-width:100%;height:auto;\"\/><\/div>\n<p class=\"oqey_p_comments\"><\/p><div class=\"oqeyincolumn\"><img class=\"lazy2\" src=\"http:\/\/www.ghoststorys.fi\/blog\/wp-content\/uploads\/2015\/01\/silverliningofnetivhaayit2.jpg\" title=\"\" style=\"max-width:100%;min-width:100%;height:auto;\"\/><\/div>\n<p class=\"oqey_p_comments\"><\/p><div class=\"oqeyincolumn\"><img class=\"lazy2\" src=\"http:\/\/www.ghoststorys.fi\/blog\/wp-content\/uploads\/2014\/12\/joy3.jpg\" title=\"\" style=\"max-width:100%;min-width:100%;height:auto;\"\/><\/div>\n<p class=\"oqey_p_comments\"><\/p><div class=\"oqeyincolumn\"><img class=\"lazy2\" src=\"http:\/\/www.ghoststorys.fi\/blog\/wp-content\/uploads\/2014\/12\/tutti1.jpg\" title=\"\" style=\"max-width:100%;min-width:100%;height:auto;\"\/><\/div>\n<p class=\"oqey_p_comments\"><\/p><div class=\"oqeyincolumn\"><img class=\"lazy2\" src=\"http:\/\/www.ghoststorys.fi\/blog\/wp-content\/uploads\/2014\/12\/joy7.jpg\" title=\"\" style=\"max-width:100%;min-width:100%;height:auto;\"\/><\/div>\n<p class=\"oqey_p_comments\"><\/p><div class=\"oqeyincolumn\"><img class=\"lazy2\" src=\"http:\/\/www.ghoststorys.fi\/blog\/wp-content\/uploads\/2014\/12\/tutti2.jpg\" title=\"\" style=\"max-width:100%;min-width:100%;height:auto;\"\/><\/div>\n<p class=\"oqey_p_comments\"><\/p><\/div><\/div>\n<\/div>\n<br \/>\n[toggles][toggle title=&#8221;J\u00e4lkel\u00e4iset&#8221;]<strong>Netiv HaAyit J-pentue synt. 26.6.2003. Is\u00e4 Shawn of Netiv HaAyit.<\/strong><br \/>\ntricolournarttu Joy of Netiv HaAyit: lonkat D, kyyn\u00e4r\u00e4t 0, CEA-vapaa.<br \/>\ntricolournarttu Jessie of Netiv HaAyit: 1 pentue, 6 pentua.<br \/>\ntricoloururos<br \/>\n<strong>Netiv HaAyit S-pentue synt. 4.9.2004. Is\u00e4 Ch. Don Juan of Netiv HaAyit.<\/strong><br \/>\ntricolournarttu Shady Lady of Netiv HaAyit: lonkat A, CEA-vapaa aikuisena. 2 pentuetta, 14 pentua.<br \/>\nblue merle uros Silver Lining of Netiv HaAyit<br \/>\ntricolour narttu<br \/>\ntricolour narttu[\/toggle][toggle title=&#8221;Offspring&#8221;]<strong>Netiv HaAyit J-litter dob. 26.6.2003. Sire Shawn of Netiv HaAyit.<\/strong><br \/>\ntricolour female Joy of Netiv HaAyit: hips D\/D, elbows 0\/0, CEA-clear.<br \/>\ntricolour female Jessie of Netiv HaAyit: 1 litter, 6 puppies.<br \/>\ntricolourmale<br \/>\n<strong>Netiv HaAyit S-litter dob. 4.9.2004. Sire Ch. Don Juan of Netiv HaAyit.<\/strong><br \/>\ntricolour female Shady Lady of Netiv HaAyit: hips A, CEA-clear as an adult. 2 litters, 14 puppies.<br \/>\nblue merle male Silver Lining of Netiv HaAyit<br \/>\ntricolour female<br \/>\ntricolour female[\/toggle][\/toggles][\/one_half]<\/p>\n","protected":false},"excerpt":{"rendered":"<p>[one_half last=&#8221;no&#8221;][\/one_half][one_half last=&#8221;yes&#8221;] #2 Veteran Collie Bitch in Finland 2010 [toggles][toggle title=&#8221;Terveys ja luonne&#8221;]Terveet lonkat (A, Israel) Terveet silm\u00e4t (Israel) Kuolinsyy: Eutanasia useampien pienempien vaivojen vuoksi 12-vuotiaana[\/toggle][toggle title=&#8221;Health &amp; temperament issues&#8221;]HD-clear (A, Israel) CEA-clear (Israel) Cause of death: Euthanasy because of several little problems irritating her everyday life at the age of 12[\/toggle][\/toggles][\/one_half] [one_half last=&#8221;no&#8221;][toggles][toggle <a href=\"https:\/\/www.ghoststorys.fi\/blog\/?page_id=269#more-'\" class=\"more-link\">Lis\u00e4\u00e4 \u00bb<\/a><\/p>\n","protected":false},"author":1,"featured_media":0,"parent":0,"menu_order":85,"comment_status":"closed","ping_status":"closed","template":"full-width-page.php","meta":[],"_links":{"self":[{"href":"https:\/\/www.ghoststorys.fi\/blog\/index.php?rest_route=\/wp\/v2\/pages\/269"}],"collection":[{"href":"https:\/\/www.ghoststorys.fi\/blog\/index.php?rest_route=\/wp\/v2\/pages"}],"about":[{"href":"https:\/\/www.ghoststorys.fi\/blog\/index.php?rest_route=\/wp\/v2\/types\/page"}],"author":[{"embeddable":true,"href":"https:\/\/www.ghoststorys.fi\/blog\/index.php?rest_route=\/wp\/v2\/users\/1"}],"replies":[{"embeddable":true,"href":"https:\/\/www.ghoststorys.fi\/blog\/index.php?rest_route=%2Fwp%2Fv2%2Fcomments&post=269"}],"version-history":[{"count":27,"href":"https:\/\/www.ghoststorys.fi\/blog\/index.php?rest_route=\/wp\/v2\/pages\/269\/revisions"}],"predecessor-version":[{"id":3897,"href":"https:\/\/www.ghoststorys.fi\/blog\/index.php?rest_route=\/wp\/v2\/pages\/269\/revisions\/3897"}],"wp:attachment":[{"href":"https:\/\/www.ghoststorys.fi\/blog\/index.php?rest_route=%2Fwp%2Fv2%2Fmedia&parent=269"}],"curies":[{"name":"wp","href":"https:\/\/api.w.org\/{rel}","templated":true}]}}