{"id":248,"date":"2011-03-12T18:51:43","date_gmt":"2011-03-12T16:51:43","guid":{"rendered":"http:\/\/www.ghoststorys.fi\/blog\/?page_id=248"},"modified":"2015-01-04T18:49:59","modified_gmt":"2015-01-04T16:49:59","slug":"itu","status":"publish","type":"page","link":"https:\/\/www.ghoststorys.fi\/blog\/?page_id=248","title":{"rendered":"LV JCH BH Ghost Story&#8217;s Ironica"},"content":{"rendered":"<p>[one_half last=&#8221;no&#8221;]<script type=\"text\/javascript\">\nvar flashvars1 ={\nautoplay:\"false\",\nflashId:\"1\",\nFKey:\"4812248713ac662cab6b03f54608e25c9928a315affaa772eaa679c009014812248713ac\",\nGalleryPath:\"https:\/\/www.ghoststorys.fi\/blog\/wp-content\/plugins\/oqey-gallery\",\nGalleryID:\"8-248\",\nFirstRun:\"0\"\n};\nvar params1     = {bgcolor:\"#ffffff\", allowFullScreen:\"true\", wMode:\"transparent\"};\nvar attributes1 = {id: \"oqeygallery1\"};\nswfobject.embedSWF(\"https:\/\/www.ghoststorys.fi\/blog\/wp-content\/oqey_gallery\/skins\/oqeyapinsk\/oqeyapinsk.swf\", \"flash_gal_1\", \"100%\", \"350\", \"8.0.0\", \"\", flashvars1, params1, attributes1);\n<\/script>\n<div id=\"flash_gal_1\" style=\"margin: 0 auto;\">\n<div class=\"oqeyslider\" style=\"background:#ffffff;\"><div class=\"oqey-slideshow cycle-slideshow1\" ><div class=\"oqeyincolumn\"><img class=\"lazy1\" src=\"http:\/\/www.ghoststorys.fi\/blog\/wp-content\/uploads\/2014\/12\/itu10.jpg\" title=\"\" style=\"max-width:100%;min-width:100%;height:auto;\"\/><\/div>\n<p class=\"oqey_p_comments\"><\/p><div class=\"oqeyincolumn\"><img class=\"lazy1\" src=\"http:\/\/www.ghoststorys.fi\/blog\/wp-content\/uploads\/2014\/12\/itu9.jpg\" title=\"\" style=\"max-width:100%;min-width:100%;height:auto;\"\/><\/div>\n<p class=\"oqey_p_comments\"><\/p><div class=\"oqeyincolumn\"><img class=\"lazy1\" src=\"http:\/\/www.ghoststorys.fi\/blog\/wp-content\/uploads\/2014\/12\/itu8.jpg\" title=\"\" style=\"max-width:100%;min-width:100%;height:auto;\"\/><\/div>\n<p class=\"oqey_p_comments\"><\/p><div class=\"oqeyincolumn\"><img class=\"lazy1\" src=\"http:\/\/www.ghoststorys.fi\/blog\/wp-content\/uploads\/2014\/12\/itu7.jpg\" title=\"\" style=\"max-width:100%;min-width:100%;height:auto;\"\/><\/div>\n<p class=\"oqey_p_comments\"><\/p><div class=\"oqeyincolumn\"><img class=\"lazy1\" src=\"http:\/\/www.ghoststorys.fi\/blog\/wp-content\/uploads\/2014\/12\/itu6.jpg\" title=\"\" style=\"max-width:100%;min-width:100%;height:auto;\"\/><\/div>\n<p class=\"oqey_p_comments\"><\/p><div class=\"oqeyincolumn\"><img class=\"lazy1\" src=\"http:\/\/www.ghoststorys.fi\/blog\/wp-content\/uploads\/2014\/12\/itu5.jpg\" title=\"\" style=\"max-width:100%;min-width:100%;height:auto;\"\/><\/div>\n<p class=\"oqey_p_comments\"><\/p><div class=\"oqeyincolumn\"><img class=\"lazy1\" src=\"http:\/\/www.ghoststorys.fi\/blog\/wp-content\/uploads\/2014\/12\/itu3.jpg\" title=\"\" style=\"max-width:100%;min-width:100%;height:auto;\"\/><\/div>\n<p class=\"oqey_p_comments\"><\/p><div class=\"oqeyincolumn\"><img class=\"lazy1\" src=\"http:\/\/www.ghoststorys.fi\/blog\/wp-content\/uploads\/2014\/12\/itu2.jpg\" title=\"\" style=\"max-width:100%;min-width:100%;height:auto;\"\/><\/div>\n<p class=\"oqey_p_comments\"><\/p><div class=\"oqeyincolumn\"><img class=\"lazy1\" src=\"http:\/\/www.ghoststorys.fi\/blog\/wp-content\/uploads\/2014\/12\/itu1.jpg\" title=\"\" style=\"max-width:100%;min-width:100%;height:auto;\"\/><\/div>\n<p class=\"oqey_p_comments\"><\/p><\/div><\/div>\n<\/div>\n[\/one_half][one_half last=&#8221;yes&#8221;][toggles][toggle title=&#8221;Terveys ja luonne&#8221;]Terveet lonkat ja kyyn\u00e4r\u00e4t (A\/A, 0\/0)<br \/>\nBLUP 119 (70 %) marraskuu 2014<br \/>\nCrd (pentuna ja aikuisena)<br \/>\nDM geenitesti DM\/DM[\/toggle][toggle title=&#8221;Health &amp; temperament issues&#8221;]HD&amp;ED-clear (A\/A, 0\/0)<br \/>\nBLUP 119 (70 &#038;) November 2014<br \/>\nCea\/crd (6 weeks&amp;adult)<br \/>\nDM genetest DM\/DM[\/toggle][\/toggles][\/one_half]<br \/>\n<table style=\"border: 1px solid #000000; border-collapse: collapse;\" border=\"1\" cellspacing=\"0\" cellpadding=\"0\" width=\"100%\">\r\n<tbody>\r\n<tr>\r\n<td class=\"male\" rowspan=\"4\" width=\"15%\">Ch. Xtremely Blue Carnoustie From Fantazija<\/td>\r\n<td class=\"male\" rowspan=\"2\" width=\"35%\">Brilyn Touch Of Black<\/td>\r\n<td class=\"male\" width=\"50%\">Lynaire Touch Of Frost<\/td>\r\n<\/tr>\r\n<tr>\r\n<td class=\"female\" width=\"50%\">Brilyn Touch Of Class<\/td>\r\n<\/tr>\r\n<tr>\r\n<td class=\"female\" rowspan=\"2\" width=\"35%\">Ch. English Extacy Fantazija<\/td>\r\n<td class=\"male\" width=\"50%\">Ch. Black Label By Ileyda<\/td>\r\n<\/tr>\r\n<tr>\r\n<td class=\"female\" width=\"50%\">Ch. Escorter Gerbera<\/td>\r\n<\/tr>\r\n<tr>\r\n<td class=\"female\" rowspan=\"4\" width=\"15%\"><a href=\"http:\/\/www.ghoststorys.fi\/blog\/?page_id=327\">Shady Lady Of Netiv HaAyit<\/a><\/td>\r\n<td class=\"male\" rowspan=\"2\" width=\"35%\">Ch. Don Juan Of Netiv HaAyit<\/td>\r\n<td class=\"male\" width=\"50%\">Shawn Of Netiv HaAyit<\/td>\r\n<\/tr>\r\n<tr>\r\n<td class=\"female\" width=\"50%\">Ch. Lakefield Love Of My Life<\/td>\r\n<\/tr>\r\n<tr>\r\n<td class=\"female\" rowspan=\"2\" width=\"35%\"><a href=\"http:\/\/www.ghoststorys.fi\/blog\/?page_id=269\">Ch. Storm Cloud Of Netiv HaAyit<\/a><\/td>\r\n<td class=\"male\" width=\"50%\">Ch. Lowerpark Maharajah<\/td>\r\n<\/tr>\r\n<tr>\r\n<td class=\"female\" width=\"50%\">Ch. Moonlight Shadow Of Netiv HaAyit<\/td>\r\n<\/tr>\r\n<\/tbody>\r\n<\/table><br \/>\n[one_half last=&#8221;no&#8221;][toggles][toggle title=&#8221;N\u00e4yttely- ja koetulokset&#8221;]<strong>VCACIBit<\/strong><br \/>\nRiga (LV) 11.11.2012 (Adriana Bocca) PN2 VCACIB<br \/>\nP\u00e4rnu (EE) 18.6.2010 (Alar M\u00fc\u00fcrisepp) VCACIB<br \/>\n<strong>JUNSERTit: <\/strong><br \/>\nVentspils (LV) 5.9.2009 (Dina Korna) PN2 JSERT -> LV JCH<br \/>\nPriekuli (LV) 18.7.2009 (George Kostopoulos) PN2 JSERT<br \/>\nRiga (LV) 14.6.2009 (Geir Nordahl-Pedersen) PN3 JSERT<br \/>\n<strong>BH-koe: <\/strong><br \/>\nM\u00e4ntt\u00e4 (FI) 2014 (Juha Kurtti) Hyv\u00e4ksytty BH-koe[\/toggle][toggle title=&#8221;Show &amp; competition results&#8221;]<strong>RCACIBs<\/strong><br \/>\nRiga (LV) 11.11.2012 (Adriana Bocca) BB2 RCACIB<br \/>\nP\u00e4rnu (EE) 18.6.2010 (Alar M\u00fc\u00fcrisepp) RCACIB<br \/>\n<strong>JCCs: <\/strong><br \/>\nVentspils (LV) 5.9.2009 (Dina Korna) BB2 JCC -> LV JCH<br \/>\nPriekuli (LV) 18.7.2009 (George Kostopoulos) BB2 JCAC<br \/>\nRiga (LV) 14.6.2009 (Geir Nordahl-Pedersen) BB3 JCAC<br \/>\n<strong>BH-test: <\/strong><br \/>\nM\u00e4ntt\u00e4 (FI) 2014 (Juha Kurtti) Approved BH-test[\/toggle][\/toggles]<br \/>\n[button size=&#8221;small&#8221; link=&#8221;http:\/\/jalostus.kennelliitto.fi\/frmKoira.aspx?RekNo=FIN41434\/08&#038;R=156&#8243; target=&#8221;_blank&#8221;]KoiraNet (Finnish Kennel Club\u2019s database)[\/button][\/one_half][one_half last=&#8221;yes&#8221;]<script type=\"text\/javascript\">\nvar flashvars2 ={\nautoplay:\"false\",\nflashId:\"2\",\nFKey:\"4812248713ac662cab6b03f54608e25c9928a315affaa772eaa679c009014812248713ac\",\nGalleryPath:\"https:\/\/www.ghoststorys.fi\/blog\/wp-content\/plugins\/oqey-gallery\",\nGalleryID:\"9-248\",\nFirstRun:\"0\"\n};\nvar params2     = {bgcolor:\"#ffffff\", allowFullScreen:\"true\", wMode:\"transparent\"};\nvar attributes2 = {id: \"oqeygallery2\"};\nswfobject.embedSWF(\"https:\/\/www.ghoststorys.fi\/blog\/wp-content\/oqey_gallery\/skins\/oqeyapinsk\/oqeyapinsk.swf\", \"flash_gal_2\", \"100%\", \"350\", \"8.0.0\", \"\", flashvars2, params2, attributes2);\n<\/script>\n<div id=\"flash_gal_2\" style=\"margin: 0 auto;\">\n<div class=\"oqeyslider\" style=\"background:#ffffff;\"><div class=\"oqey-slideshow cycle-slideshow2\" ><div class=\"oqeyincolumn\"><img class=\"lazy2\" src=\"http:\/\/www.ghoststorys.fi\/blog\/wp-content\/uploads\/2014\/12\/gscastsaspell3.jpg\" title=\"\" style=\"max-width:100%;min-width:100%;height:auto;\"\/><\/div>\n<p class=\"oqey_p_comments\"><\/p><div class=\"oqeyincolumn\"><img class=\"lazy2\" src=\"http:\/\/www.ghoststorys.fi\/blog\/wp-content\/uploads\/2014\/12\/gsmeanswell1.jpg\" title=\"\" style=\"max-width:100%;min-width:100%;height:auto;\"\/><\/div>\n<p class=\"oqey_p_comments\"><\/p><div class=\"oqeyincolumn\"><img class=\"lazy2\" src=\"http:\/\/www.ghoststorys.fi\/blog\/wp-content\/uploads\/2014\/12\/gscastsaspell1.jpg\" title=\"\" style=\"max-width:100%;min-width:100%;height:auto;\"\/><\/div>\n<p class=\"oqey_p_comments\"><\/p><div class=\"oqeyincolumn\"><img class=\"lazy2\" src=\"http:\/\/www.ghoststorys.fi\/blog\/wp-content\/uploads\/2014\/12\/gsmeanswell5.jpg\" title=\"\" style=\"max-width:100%;min-width:100%;height:auto;\"\/><\/div>\n<p class=\"oqey_p_comments\"><\/p><div class=\"oqeyincolumn\"><img class=\"lazy2\" src=\"http:\/\/www.ghoststorys.fi\/blog\/wp-content\/uploads\/2014\/12\/gsringsabell3.jpg\" title=\"\" style=\"max-width:100%;min-width:100%;height:auto;\"\/><\/div>\n<p class=\"oqey_p_comments\"><\/p><div class=\"oqeyincolumn\"><img class=\"lazy2\" src=\"http:\/\/www.ghoststorys.fi\/blog\/wp-content\/uploads\/2014\/12\/gsnightlight5.jpg\" title=\"\" style=\"max-width:100%;min-width:100%;height:auto;\"\/><\/div>\n<p class=\"oqey_p_comments\"><\/p><div class=\"oqeyincolumn\"><img class=\"lazy2\" src=\"http:\/\/www.ghoststorys.fi\/blog\/wp-content\/uploads\/2014\/12\/gsnightlight2.jpg\" title=\"\" style=\"max-width:100%;min-width:100%;height:auto;\"\/><\/div>\n<p class=\"oqey_p_comments\"><\/p><div class=\"oqeyincolumn\"><img class=\"lazy2\" src=\"http:\/\/www.ghoststorys.fi\/blog\/wp-content\/uploads\/2014\/12\/gsringsabell1.jpg\" title=\"\" style=\"max-width:100%;min-width:100%;height:auto;\"\/><\/div>\n<p class=\"oqey_p_comments\"><\/p><div class=\"oqeyincolumn\"><img class=\"lazy2\" src=\"http:\/\/www.ghoststorys.fi\/blog\/wp-content\/uploads\/2014\/12\/gsnightlight4.jpg\" title=\"\" style=\"max-width:100%;min-width:100%;height:auto;\"\/><\/div>\n<p class=\"oqey_p_comments\"><\/p><div class=\"oqeyincolumn\"><img class=\"lazy2\" src=\"http:\/\/www.ghoststorys.fi\/blog\/wp-content\/uploads\/2014\/12\/gsringsabell2.jpg\" title=\"\" style=\"max-width:100%;min-width:100%;height:auto;\"\/><\/div>\n<p class=\"oqey_p_comments\"><\/p><div class=\"oqeyincolumn\"><img class=\"lazy2\" src=\"http:\/\/www.ghoststorys.fi\/blog\/wp-content\/uploads\/2014\/12\/gsnightlight1.jpg\" title=\"\" style=\"max-width:100%;min-width:100%;height:auto;\"\/><\/div>\n<p class=\"oqey_p_comments\"><\/p><div class=\"oqeyincolumn\"><img class=\"lazy2\" src=\"http:\/\/www.ghoststorys.fi\/blog\/wp-content\/uploads\/2014\/12\/gsringsabell4.jpg\" title=\"\" style=\"max-width:100%;min-width:100%;height:auto;\"\/><\/div>\n<p class=\"oqey_p_comments\"><\/p><div class=\"oqeyincolumn\"><img class=\"lazy2\" src=\"http:\/\/www.ghoststorys.fi\/blog\/wp-content\/uploads\/2014\/12\/gsmeanswell2.jpg\" title=\"\" style=\"max-width:100%;min-width:100%;height:auto;\"\/><\/div>\n<p class=\"oqey_p_comments\"><\/p><div class=\"oqeyincolumn\"><img class=\"lazy2\" src=\"http:\/\/www.ghoststorys.fi\/blog\/wp-content\/uploads\/2014\/12\/gsringsabell5.jpg\" title=\"\" style=\"max-width:100%;min-width:100%;height:auto;\"\/><\/div>\n<p class=\"oqey_p_comments\"><\/p><div class=\"oqeyincolumn\"><img class=\"lazy2\" src=\"http:\/\/www.ghoststorys.fi\/blog\/wp-content\/uploads\/2014\/12\/gstalestotell3.jpg\" title=\"\" style=\"max-width:100%;min-width:100%;height:auto;\"\/><\/div>\n<p class=\"oqey_p_comments\"><\/p><div class=\"oqeyincolumn\"><img class=\"lazy2\" src=\"http:\/\/www.ghoststorys.fi\/blog\/wp-content\/uploads\/2014\/12\/haamu1.jpg\" title=\"\" style=\"max-width:100%;min-width:100%;height:auto;\"\/><\/div>\n<p class=\"oqey_p_comments\"><\/p><div class=\"oqeyincolumn\"><img class=\"lazy2\" src=\"http:\/\/www.ghoststorys.fi\/blog\/wp-content\/uploads\/2014\/12\/gstalestotell1.jpg\" title=\"\" style=\"max-width:100%;min-width:100%;height:auto;\"\/><\/div>\n<p class=\"oqey_p_comments\"><\/p><div class=\"oqeyincolumn\"><img class=\"lazy2\" src=\"http:\/\/www.ghoststorys.fi\/blog\/wp-content\/uploads\/2014\/12\/haamu7.jpg\" title=\"\" style=\"max-width:100%;min-width:100%;height:auto;\"\/><\/div>\n<p class=\"oqey_p_comments\"><\/p><div class=\"oqeyincolumn\"><img class=\"lazy2\" src=\"http:\/\/www.ghoststorys.fi\/blog\/wp-content\/uploads\/2014\/12\/haamu2.jpg\" title=\"\" style=\"max-width:100%;min-width:100%;height:auto;\"\/><\/div>\n<p class=\"oqey_p_comments\"><\/p><div class=\"oqeyincolumn\"><img class=\"lazy2\" src=\"http:\/\/www.ghoststorys.fi\/blog\/wp-content\/uploads\/2014\/12\/gsmeanswell4.jpg\" title=\"\" style=\"max-width:100%;min-width:100%;height:auto;\"\/><\/div>\n<p class=\"oqey_p_comments\"><\/p><div class=\"oqeyincolumn\"><img class=\"lazy2\" src=\"http:\/\/www.ghoststorys.fi\/blog\/wp-content\/uploads\/2014\/12\/haamu4.jpg\" title=\"\" style=\"max-width:100%;min-width:100%;height:auto;\"\/><\/div>\n<p class=\"oqey_p_comments\"><\/p><div class=\"oqeyincolumn\"><img class=\"lazy2\" src=\"http:\/\/www.ghoststorys.fi\/blog\/wp-content\/uploads\/2014\/12\/gstalestotell2.jpg\" title=\"\" style=\"max-width:100%;min-width:100%;height:auto;\"\/><\/div>\n<p class=\"oqey_p_comments\"><\/p><div class=\"oqeyincolumn\"><img class=\"lazy2\" src=\"http:\/\/www.ghoststorys.fi\/blog\/wp-content\/uploads\/2014\/12\/haamu5.jpg\" title=\"\" style=\"max-width:100%;min-width:100%;height:auto;\"\/><\/div>\n<p class=\"oqey_p_comments\"><\/p><div class=\"oqeyincolumn\"><img class=\"lazy2\" src=\"http:\/\/www.ghoststorys.fi\/blog\/wp-content\/uploads\/2014\/12\/gsmeanswell3.jpg\" title=\"\" style=\"max-width:100%;min-width:100%;height:auto;\"\/><\/div>\n<p class=\"oqey_p_comments\"><\/p><div class=\"oqeyincolumn\"><img class=\"lazy2\" src=\"http:\/\/www.ghoststorys.fi\/blog\/wp-content\/uploads\/2014\/12\/haamu6.jpg\" title=\"\" style=\"max-width:100%;min-width:100%;height:auto;\"\/><\/div>\n<p class=\"oqey_p_comments\"><\/p><div class=\"oqeyincolumn\"><img class=\"lazy2\" src=\"http:\/\/www.ghoststorys.fi\/blog\/wp-content\/uploads\/2014\/12\/gstalestotell4.jpg\" title=\"\" style=\"max-width:100%;min-width:100%;height:auto;\"\/><\/div>\n<p class=\"oqey_p_comments\"><\/p><div class=\"oqeyincolumn\"><img class=\"lazy2\" src=\"http:\/\/www.ghoststorys.fi\/blog\/wp-content\/uploads\/2014\/12\/haamu3.jpg\" title=\"\" style=\"max-width:100%;min-width:100%;height:auto;\"\/><\/div>\n<p class=\"oqey_p_comments\"><\/p><\/div><\/div>\n<\/div>\n<br \/>\n[toggles][toggle title=&#8221;J\u00e4lkel\u00e4iset&#8221;]Ghost Story&#8217;s Ellight-pentue synt. 8.2.2012. Is\u00e4 Friby&#8217;n Originell.<br \/>\nblue merle uros Ghost Story&#8217;s Casts a Spell: crd pentuna, geenitestattu N\/DM.<br \/>\nblue merle uros Ghost Story&#8217;s Rings a Bell: lonkat A\/A, kyyn\u00e4r\u00e4t 0\/0, crd pentuna ja aikuisena, geenitestattu N\/DM. Yksi pentue, 3 pentua.<br \/>\ntricolour uros Ghost Story&#8217;s Means Well: lonkat A\/A, kyyn\u00e4r\u00e4t 0\/0, crd pentuna, LTV0, geenitestattu N\/DM.<br \/>\ntricolour uros Ghost Story&#8217;s Tales to Tell: crd pentuna, geenitestattu N\/DM.<br \/>\ntricolournarttu Ghost Story&#8217;s Nightlight: crd pentuna, geenitestattu N\/DM.<br \/>\nblue merle narttu EE CH BALT LV EE LT JCH Ghost Story&#8217;s Pillowfight: lonkat B\/B, kyyn\u00e4r\u00e4t 0\/0, crd pentuna ja aikuisena, geenitestattu N\/DM.[\/toggle][toggle title=&#8221;Offspring&#8221;]Ghost Story&#8217;s Ellight-litter dob. 8th February 2012. Sire Friby&#8217;n Originell.<br \/>\nblue merle male Ghost Story&#8217;s Casts a Spell: crd as a puppy, gene test N\/DM.<br \/>\nblue merle male Ghost Story&#8217;s Rings a Bell: hips A\/A, elbows 0\/0, crd\/crd, gene test N\/DM. One litter, 3 puppies.<br \/>\ntricolour male Ghost Story&#8217;s Means Well: hips A\/A, elbows 0\/0, crd as a puppy, LTV0, gene test N\/DM.<br \/>\ntricolour male Ghost Story&#8217;s Tales to Tell: crd as a puppy, gene test N\/DM.<br \/>\ntricolour female Ghost Story&#8217;s Nightlight: crd as a puppy, gene test N\/DM.<br \/>\nblue merle female EE CH BALT LV EE LT JCH Ghost Story&#8217;s Pillowfight: hips B\/B, elbows 0\/0, crd\/crd, gene test N\/DM.[\/toggle][\/toggles][\/one_half]<\/p>\n","protected":false},"excerpt":{"rendered":"<p>[one_half last=&#8221;no&#8221;][\/one_half][one_half last=&#8221;yes&#8221;][toggles][toggle title=&#8221;Terveys ja luonne&#8221;]Terveet lonkat ja kyyn\u00e4r\u00e4t (A\/A, 0\/0) BLUP 119 (70 %) marraskuu 2014 Crd (pentuna ja aikuisena) DM geenitesti DM\/DM[\/toggle][toggle title=&#8221;Health &amp; temperament issues&#8221;]HD&amp;ED-clear (A\/A, 0\/0) BLUP 119 (70 &#038;) November 2014 Cea\/crd (6 weeks&amp;adult) DM genetest DM\/DM[\/toggle][\/toggles][\/one_half] [one_half last=&#8221;no&#8221;][toggles][toggle title=&#8221;N\u00e4yttely- ja koetulokset&#8221;]VCACIBit Riga (LV) 11.11.2012 (Adriana Bocca) PN2 VCACIB P\u00e4rnu <a href=\"https:\/\/www.ghoststorys.fi\/blog\/?page_id=248#more-'\" class=\"more-link\">Lis\u00e4\u00e4 \u00bb<\/a><\/p>\n","protected":false},"author":1,"featured_media":0,"parent":0,"menu_order":3,"comment_status":"closed","ping_status":"closed","template":"full-width-page.php","meta":[],"_links":{"self":[{"href":"https:\/\/www.ghoststorys.fi\/blog\/index.php?rest_route=\/wp\/v2\/pages\/248"}],"collection":[{"href":"https:\/\/www.ghoststorys.fi\/blog\/index.php?rest_route=\/wp\/v2\/pages"}],"about":[{"href":"https:\/\/www.ghoststorys.fi\/blog\/index.php?rest_route=\/wp\/v2\/types\/page"}],"author":[{"embeddable":true,"href":"https:\/\/www.ghoststorys.fi\/blog\/index.php?rest_route=\/wp\/v2\/users\/1"}],"replies":[{"embeddable":true,"href":"https:\/\/www.ghoststorys.fi\/blog\/index.php?rest_route=%2Fwp%2Fv2%2Fcomments&post=248"}],"version-history":[{"count":30,"href":"https:\/\/www.ghoststorys.fi\/blog\/index.php?rest_route=\/wp\/v2\/pages\/248\/revisions"}],"predecessor-version":[{"id":250,"href":"https:\/\/www.ghoststorys.fi\/blog\/index.php?rest_route=\/wp\/v2\/pages\/248\/revisions\/250"}],"wp:attachment":[{"href":"https:\/\/www.ghoststorys.fi\/blog\/index.php?rest_route=%2Fwp%2Fv2%2Fmedia&parent=248"}],"curies":[{"name":"wp","href":"https:\/\/api.w.org\/{rel}","templated":true}]}}